{"id":8521,"date":"2024-09-23T18:05:49","date_gmt":"2024-09-23T16:05:49","guid":{"rendered":"https:\/\/www.sprintech.eu\/prodotto\/sprintech-racing\/"},"modified":"2024-09-23T18:05:49","modified_gmt":"2024-09-23T16:05:49","slug":"sprintech-racing","status":"publish","type":"product","link":"https:\/\/www.sprintech.eu\/fr\/produit\/sprintech-racing\/","title":{"rendered":"Sprintech Racing"},"content":{"rendered":"<p>Les mordus du v\u00e9lo se comptent par millions et gr\u00e2ce aux r\u00e9troviseurs <span style=\"color: #cc0000;\"><strong>Sprintech<sup>\u00ae<\/sup><\/strong><\/span> , les balades en famille ou l\u2019entra\u00eenement sur route se font \u00e0 l\u2019enseigne de la s\u00e9curit\u00e9.<\/p>\n<p>Pr\u00e9sent\u00e9s en 1996 au salon des inventions \u00e0 Martigny les r\u00e9troviseurs de Carlo Dondo remportent le deuxi\u00e8me prix, puis deux m\u00e9dailles d\u2019or au <span style=\"color: #cc0000;\"><strong>Salon International des Inventions de Gen\u00e8ve et au Salon International des inventions de Bruxelles<sup>.<\/sup><\/strong><\/span><\/p>\n<p>Sprintech\u00aeRacing est un miroir au design \u00e9pur\u00e9 con\u00e7u pour \u00eatre fix\u00e9 au bout des guidons de course. Il offre une gamme de 6 couleurs, sa coque est r\u00e9sistante aux chocs, la surface r\u00e9fl\u00e9chissante est chrom\u00e9e et sa l\u00e9g\u00e8re convexit\u00e9 permet au-\u00e0 la cycliste d\u2019avoir un champ de vision de grande ampleur.<\/p>\n<p>Ses plus grands atouts: la possibilit\u00e9 de r\u00e9gler sa position tout en p\u00e9dalant, aucune vibration sur la route et les terrains accident\u00e9s et le nec plus ultra pour les pros, 20 grammes seulement pour un accessoire de s\u00e9curit\u00e9 routi\u00e8re qui a fait ses preuves depuis 25 ans.<\/p>\n","protected":false},"excerpt":{"rendered":"<p>Les mordus du v\u00e9lo se comptent par millions et gr\u00e2ce aux r\u00e9troviseurs Sprintech\u00ae , les balades en famille ou l\u2019entra\u00eenement [&hellip;]<\/p>\n","protected":false},"featured_media":8624,"template":"","meta":{"site-sidebar-layout":"default","site-content-layout":"","ast-site-content-layout":"default","site-content-style":"default","site-sidebar-style":"default","ast-global-header-display":"","ast-banner-title-visibility":"","ast-main-header-display":"","ast-hfb-above-header-display":"","ast-hfb-below-header-display":"","ast-hfb-mobile-header-display":"","site-post-title":"","ast-breadcrumbs-content":"","ast-featured-img":"","footer-sml-layout":"","ast-disable-related-posts":"","theme-transparent-header-meta":"default","adv-header-id-meta":"","stick-header-meta":"default","header-above-stick-meta":"","header-main-stick-meta":"","header-below-stick-meta":"","astra-migrate-meta-layouts":"default","ast-page-background-enabled":"default","ast-page-background-meta":{"desktop":{"background-color":"var(--ast-global-color-4)","background-image":"","background-repeat":"repeat","background-position":"center center","background-size":"auto","background-attachment":"scroll","background-type":"","background-media":"","overlay-type":"","overlay-color":"","overlay-opacity":"","overlay-gradient":""},"tablet":{"background-color":"","background-image":"","background-repeat":"repeat","background-position":"center center","background-size":"auto","background-attachment":"scroll","background-type":"","background-media":"","overlay-type":"","overlay-color":"","overlay-opacity":"","overlay-gradient":""},"mobile":{"background-color":"","background-image":"","background-repeat":"repeat","background-position":"center center","background-size":"auto","background-attachment":"scroll","background-type":"","background-media":"","overlay-type":"","overlay-color":"","overlay-opacity":"","overlay-gradient":""}},"ast-content-background-meta":{"desktop":{"background-color":"var(--ast-global-color-5)","background-image":"","background-repeat":"repeat","background-position":"center center","background-size":"auto","background-attachment":"scroll","background-type":"","background-media":"","overlay-type":"","overlay-color":"","overlay-opacity":"","overlay-gradient":""},"tablet":{"background-color":"var(--ast-global-color-5)","background-image":"","background-repeat":"repeat","background-position":"center center","background-size":"auto","background-attachment":"scroll","background-type":"","background-media":"","overlay-type":"","overlay-color":"","overlay-opacity":"","overlay-gradient":""},"mobile":{"background-color":"var(--ast-global-color-5)","background-image":"","background-repeat":"repeat","background-position":"center center","background-size":"auto","background-attachment":"scroll","background-type":"","background-media":"","overlay-type":"","overlay-color":"","overlay-opacity":"","overlay-gradient":""}}},"product_brand":[],"product_cat":[269],"product_tag":[],"class_list":{"0":"post-8521","1":"product","2":"type-product","3":"status-publish","4":"has-post-thumbnail","6":"product_cat-retroviseurs","7":"desktop-align-left","8":"tablet-align-left","9":"mobile-align-left","10":"ast-product-gallery-layout-vertical-slider","11":"ast-magnify-disabled","12":"ast-product-single-variable","13":"ast-product-tabs-layout-vertical","15":"first","16":"instock","17":"shipping-taxable","18":"purchasable","19":"product-type-variable"},"_links":{"self":[{"href":"https:\/\/www.sprintech.eu\/fr\/wp-json\/wp\/v2\/product\/8521","targetHints":{"allow":["GET"]}}],"collection":[{"href":"https:\/\/www.sprintech.eu\/fr\/wp-json\/wp\/v2\/product"}],"about":[{"href":"https:\/\/www.sprintech.eu\/fr\/wp-json\/wp\/v2\/types\/product"}],"wp:featuredmedia":[{"embeddable":true,"href":"https:\/\/www.sprintech.eu\/fr\/wp-json\/wp\/v2\/media\/8624"}],"wp:attachment":[{"href":"https:\/\/www.sprintech.eu\/fr\/wp-json\/wp\/v2\/media?parent=8521"}],"wp:term":[{"taxonomy":"product_brand","embeddable":true,"href":"https:\/\/www.sprintech.eu\/fr\/wp-json\/wp\/v2\/product_brand?post=8521"},{"taxonomy":"product_cat","embeddable":true,"href":"https:\/\/www.sprintech.eu\/fr\/wp-json\/wp\/v2\/product_cat?post=8521"},{"taxonomy":"product_tag","embeddable":true,"href":"https:\/\/www.sprintech.eu\/fr\/wp-json\/wp\/v2\/product_tag?post=8521"}],"curies":[{"name":"wp","href":"https:\/\/api.w.org\/{rel}","templated":true}]}}