{"id":8499,"date":"2024-11-16T16:57:24","date_gmt":"2024-11-16T15:57:24","guid":{"rendered":"https:\/\/www.sprintech.eu\/prodotto\/sprintech-compact\/"},"modified":"2024-11-16T16:57:24","modified_gmt":"2024-11-16T15:57:24","slug":"sprintech-compact","status":"publish","type":"product","link":"https:\/\/www.sprintech.eu\/fr\/produit\/sprintech-compact\/","title":{"rendered":"Sprintech Compact"},"content":{"rendered":"<p>Les v\u00e9los \u00e0 assistance \u00e9lectrique (VAE) ont le vent en poupe d\u2019o\u00f9 la n\u00e9cessit\u00e9 de d\u00e9velopper un r\u00e9troviseur robuste, design et fonctionnel semblable \u00e0 celui des motocyclettes.<\/p>\n<p><span style=\"color: #cc0000;\"><strong>Sprintech\u00ae Compact <\/strong><\/span>est con\u00e7u non seulement pour les VAE mais pour tous les guidons droits ou l\u00e9g\u00e8rement recourb\u00e9s.<\/p>\n<p>Extr\u00eamement robuste et totalement r\u00e9glable, <strong><span style=\"color: #cc0000;\">Sprintech\u00ae Compact<\/span> <\/strong>a une surface r\u00e9fl\u00e9chissante de 38,5 cm2 en verre de s\u00e9curit\u00e9 stratifi\u00e9 et sa faible convexit\u00e9 offre un champ de vision de grande ampleur.<\/p>\n<p>Le syst\u00e8me de fixation du guidon est brevet\u00e9 pour<span style=\"color: #cc0000;\"> <\/span><strong><span style=\"color: #cc0000;\">Sprintech\u00ae City<\/span><\/strong>et affin\u00e9 au fil des ann\u00e9es : il \u00e9vite ainsi d&#8217;ajouter des centim\u00e8tres d&#8217;encombrement lat\u00e9ral qui perturbent la circulation et peuvent \u00eatre source de danger.<\/p>\n","protected":false},"excerpt":{"rendered":"<p>Les v\u00e9los \u00e0 assistance \u00e9lectrique (VAE) ont le vent en poupe d\u2019o\u00f9 la n\u00e9cessit\u00e9 de d\u00e9velopper un r\u00e9troviseur robuste, design [&hellip;]<\/p>\n","protected":false},"featured_media":7969,"template":"","meta":{"site-sidebar-layout":"default","site-content-layout":"","ast-site-content-layout":"default","site-content-style":"default","site-sidebar-style":"default","ast-global-header-display":"","ast-banner-title-visibility":"","ast-main-header-display":"","ast-hfb-above-header-display":"","ast-hfb-below-header-display":"","ast-hfb-mobile-header-display":"","site-post-title":"","ast-breadcrumbs-content":"","ast-featured-img":"","footer-sml-layout":"","ast-disable-related-posts":"","theme-transparent-header-meta":"default","adv-header-id-meta":"","stick-header-meta":"default","header-above-stick-meta":"","header-main-stick-meta":"","header-below-stick-meta":"","astra-migrate-meta-layouts":"default","ast-page-background-enabled":"default","ast-page-background-meta":{"desktop":{"background-color":"var(--ast-global-color-4)","background-image":"","background-repeat":"repeat","background-position":"center center","background-size":"auto","background-attachment":"scroll","background-type":"","background-media":"","overlay-type":"","overlay-color":"","overlay-opacity":"","overlay-gradient":""},"tablet":{"background-color":"","background-image":"","background-repeat":"repeat","background-position":"center center","background-size":"auto","background-attachment":"scroll","background-type":"","background-media":"","overlay-type":"","overlay-color":"","overlay-opacity":"","overlay-gradient":""},"mobile":{"background-color":"","background-image":"","background-repeat":"repeat","background-position":"center center","background-size":"auto","background-attachment":"scroll","background-type":"","background-media":"","overlay-type":"","overlay-color":"","overlay-opacity":"","overlay-gradient":""}},"ast-content-background-meta":{"desktop":{"background-color":"var(--ast-global-color-5)","background-image":"","background-repeat":"repeat","background-position":"center center","background-size":"auto","background-attachment":"scroll","background-type":"","background-media":"","overlay-type":"","overlay-color":"","overlay-opacity":"","overlay-gradient":""},"tablet":{"background-color":"var(--ast-global-color-5)","background-image":"","background-repeat":"repeat","background-position":"center center","background-size":"auto","background-attachment":"scroll","background-type":"","background-media":"","overlay-type":"","overlay-color":"","overlay-opacity":"","overlay-gradient":""},"mobile":{"background-color":"var(--ast-global-color-5)","background-image":"","background-repeat":"repeat","background-position":"center center","background-size":"auto","background-attachment":"scroll","background-type":"","background-media":"","overlay-type":"","overlay-color":"","overlay-opacity":"","overlay-gradient":""}}},"product_brand":[],"product_cat":[269],"product_tag":[],"class_list":{"0":"post-8499","1":"product","2":"type-product","3":"status-publish","4":"has-post-thumbnail","6":"product_cat-retroviseurs","7":"desktop-align-left","8":"tablet-align-left","9":"mobile-align-left","10":"ast-product-gallery-layout-vertical-slider","11":"ast-magnify-disabled","12":"ast-product-tabs-layout-vertical","14":"first","15":"instock","16":"shipping-taxable","17":"purchasable","18":"product-type-simple"},"_links":{"self":[{"href":"https:\/\/www.sprintech.eu\/fr\/wp-json\/wp\/v2\/product\/8499","targetHints":{"allow":["GET"]}}],"collection":[{"href":"https:\/\/www.sprintech.eu\/fr\/wp-json\/wp\/v2\/product"}],"about":[{"href":"https:\/\/www.sprintech.eu\/fr\/wp-json\/wp\/v2\/types\/product"}],"wp:featuredmedia":[{"embeddable":true,"href":"https:\/\/www.sprintech.eu\/fr\/wp-json\/wp\/v2\/media\/7969"}],"wp:attachment":[{"href":"https:\/\/www.sprintech.eu\/fr\/wp-json\/wp\/v2\/media?parent=8499"}],"wp:term":[{"taxonomy":"product_brand","embeddable":true,"href":"https:\/\/www.sprintech.eu\/fr\/wp-json\/wp\/v2\/product_brand?post=8499"},{"taxonomy":"product_cat","embeddable":true,"href":"https:\/\/www.sprintech.eu\/fr\/wp-json\/wp\/v2\/product_cat?post=8499"},{"taxonomy":"product_tag","embeddable":true,"href":"https:\/\/www.sprintech.eu\/fr\/wp-json\/wp\/v2\/product_tag?post=8499"}],"curies":[{"name":"wp","href":"https:\/\/api.w.org\/{rel}","templated":true}]}}