{"id":8486,"date":"2024-11-16T17:18:37","date_gmt":"2024-11-16T16:18:37","guid":{"rendered":"https:\/\/www.sprintech.eu\/prodotto\/sprintech-city\/"},"modified":"2024-11-16T17:18:37","modified_gmt":"2024-11-16T16:18:37","slug":"sprintech-city","status":"publish","type":"product","link":"https:\/\/www.sprintech.eu\/fr\/produit\/sprintech-city\/","title":{"rendered":"Sprintech City"},"content":{"rendered":"<p>Les mordus du v\u00e9lo se comptent par millions et gr\u00e2ce aux r\u00e9troviseurs <strong><span style=\"color: #cc0000;\">Sprintech\u00ae<\/span><\/strong> , les balades en famille ou l\u2019entra\u00eenement sur route se font \u00e0 l\u2019enseigne de la s\u00e9curit\u00e9.<\/p>\n<p>Pr\u00e9sent\u00e9s en 1996 au salon des inventions \u00e0 Martigny, les r\u00e9troviseurs <span style=\"color: #cc0000;\"><strong>Sprintech\u00ae City<\/strong><\/span> remportent le deuxi\u00e8me prix, puis deux m\u00e9dailles d\u2019or au <span style=\"color: #cc0000;\"><strong>Salon International des Inventions de Gen\u00e8ve et au Salon International des inventions de Bruxelles.<\/strong><\/span><\/p>\n<p>Ce mod\u00e8le con\u00e7u pour les guidons droits se fixe simplement au bout du guidon \u00e0 l\u2019aide d\u2019un tournevis. Gr\u00e2ce \u00e0 ce type de fixation la largeur du guidon n\u2019augmente pas et ne g\u00eane aucunement le-la cycliste dans la circulation.<\/p>\n","protected":false},"excerpt":{"rendered":"<p>Les mordus du v\u00e9lo se comptent par millions et gr\u00e2ce aux r\u00e9troviseurs Sprintech\u00ae , les balades en famille ou l\u2019entra\u00eenement [&hellip;]<\/p>\n","protected":false},"featured_media":6506,"template":"","meta":{"site-sidebar-layout":"default","site-content-layout":"","ast-site-content-layout":"default","site-content-style":"default","site-sidebar-style":"default","ast-global-header-display":"","ast-banner-title-visibility":"","ast-main-header-display":"","ast-hfb-above-header-display":"","ast-hfb-below-header-display":"","ast-hfb-mobile-header-display":"","site-post-title":"","ast-breadcrumbs-content":"","ast-featured-img":"","footer-sml-layout":"","ast-disable-related-posts":"","theme-transparent-header-meta":"default","adv-header-id-meta":"","stick-header-meta":"default","header-above-stick-meta":"","header-main-stick-meta":"","header-below-stick-meta":"","astra-migrate-meta-layouts":"default","ast-page-background-enabled":"default","ast-page-background-meta":{"desktop":{"background-color":"var(--ast-global-color-4)","background-image":"","background-repeat":"repeat","background-position":"center center","background-size":"auto","background-attachment":"scroll","background-type":"","background-media":"","overlay-type":"","overlay-color":"","overlay-opacity":"","overlay-gradient":""},"tablet":{"background-color":"","background-image":"","background-repeat":"repeat","background-position":"center center","background-size":"auto","background-attachment":"scroll","background-type":"","background-media":"","overlay-type":"","overlay-color":"","overlay-opacity":"","overlay-gradient":""},"mobile":{"background-color":"","background-image":"","background-repeat":"repeat","background-position":"center center","background-size":"auto","background-attachment":"scroll","background-type":"","background-media":"","overlay-type":"","overlay-color":"","overlay-opacity":"","overlay-gradient":""}},"ast-content-background-meta":{"desktop":{"background-color":"var(--ast-global-color-5)","background-image":"","background-repeat":"repeat","background-position":"center center","background-size":"auto","background-attachment":"scroll","background-type":"","background-media":"","overlay-type":"","overlay-color":"","overlay-opacity":"","overlay-gradient":""},"tablet":{"background-color":"var(--ast-global-color-5)","background-image":"","background-repeat":"repeat","background-position":"center center","background-size":"auto","background-attachment":"scroll","background-type":"","background-media":"","overlay-type":"","overlay-color":"","overlay-opacity":"","overlay-gradient":""},"mobile":{"background-color":"var(--ast-global-color-5)","background-image":"","background-repeat":"repeat","background-position":"center center","background-size":"auto","background-attachment":"scroll","background-type":"","background-media":"","overlay-type":"","overlay-color":"","overlay-opacity":"","overlay-gradient":""}}},"product_brand":[],"product_cat":[269],"product_tag":[],"class_list":{"0":"post-8486","1":"product","2":"type-product","3":"status-publish","4":"has-post-thumbnail","6":"product_cat-retroviseurs","7":"desktop-align-left","8":"tablet-align-left","9":"mobile-align-left","10":"ast-product-gallery-layout-vertical-slider","11":"ast-magnify-disabled","12":"ast-product-single-variable","13":"ast-product-tabs-layout-vertical","15":"first","16":"instock","17":"shipping-taxable","18":"purchasable","19":"product-type-variable"},"_links":{"self":[{"href":"https:\/\/www.sprintech.eu\/fr\/wp-json\/wp\/v2\/product\/8486","targetHints":{"allow":["GET"]}}],"collection":[{"href":"https:\/\/www.sprintech.eu\/fr\/wp-json\/wp\/v2\/product"}],"about":[{"href":"https:\/\/www.sprintech.eu\/fr\/wp-json\/wp\/v2\/types\/product"}],"wp:featuredmedia":[{"embeddable":true,"href":"https:\/\/www.sprintech.eu\/fr\/wp-json\/wp\/v2\/media\/6506"}],"wp:attachment":[{"href":"https:\/\/www.sprintech.eu\/fr\/wp-json\/wp\/v2\/media?parent=8486"}],"wp:term":[{"taxonomy":"product_brand","embeddable":true,"href":"https:\/\/www.sprintech.eu\/fr\/wp-json\/wp\/v2\/product_brand?post=8486"},{"taxonomy":"product_cat","embeddable":true,"href":"https:\/\/www.sprintech.eu\/fr\/wp-json\/wp\/v2\/product_cat?post=8486"},{"taxonomy":"product_tag","embeddable":true,"href":"https:\/\/www.sprintech.eu\/fr\/wp-json\/wp\/v2\/product_tag?post=8486"}],"curies":[{"name":"wp","href":"https:\/\/api.w.org\/{rel}","templated":true}]}}