{"id":8477,"date":"2024-11-16T17:18:46","date_gmt":"2024-11-16T16:18:46","guid":{"rendered":"https:\/\/www.sprintech.eu\/prodotto\/sprintech-city-xl\/"},"modified":"2024-11-16T17:18:46","modified_gmt":"2024-11-16T16:18:46","slug":"sprintech-city-xl","status":"publish","type":"product","link":"https:\/\/www.sprintech.eu\/fr\/produit\/sprintech-city-xl\/","title":{"rendered":"Sprintech City XL"},"content":{"rendered":"<p>Sprintech City XL Assembly <span style=\"color: #cc0000;\"><strong>Sprintech\u00ae City<\/strong><\/span> prim\u00e9 d\u00e8s le d\u00e9but au Concours de l\u2019Innovation en 1996, \u00e0 Martigny, en Suisse, <span style=\"color: #cc0000;\"><strong>Sprintech\u00ae City XL<\/strong><\/span> reprend son design caract\u00e9ristique et l\u2019adapte aux besoins d\u2019un plus grand nombre d\u2019utilisateurs dans le monde vari\u00e9 du cyclisme sportif, urbain et de randonn\u00e9e.<\/p>\n<p>Il reste la solution de r\u00e9troviseur la plus efficace et la plus pratique pour les v\u00e9los au guidon droit ou l\u00e9g\u00e8rement incurv\u00e9, mais gr\u00e2ce \u00e0 ses plus grandes dimensions, il lui suffit de moins de convexit\u00e9 pour obtenir un champ de vision tout aussi large et refl\u00e9ter les objets derri\u00e8re lui dans des dimensions plus proches de la r\u00e9alit\u00e9 : sa surface r\u00e9fl\u00e9chissante de 29 cm2 est recouverte de verre tremp\u00e9 r\u00e9sistant aux \u00e9clats.<\/p>\n<p>Son syst\u00e8me de fixation au guidon est le m\u00eame que celui utilis\u00e9 pour <span style=\"color: #cc0000;\"><strong>Sprintech\u00ae City<\/strong><\/span> et <span style=\"color: #cc0000;\"><strong>Sprintech\u00ae Compact<\/strong><\/span>: r\u00e9alis\u00e9 dans le m\u00eame mat\u00e9riau que la coque, il peut \u00eatre appliqu\u00e9 \u00e0 l\u2019aide d\u2019un simple tournevis, et laisse la largeur du v\u00e9lo pratiquement inchang\u00e9e, \u00e9vitant ainsi d\u2019ajouter des centim\u00e8tres d\u2019encombrement lat\u00e9ral qui peut g\u00eaner dans la circulation et repr\u00e9senter un danger.<\/p>\n","protected":false},"excerpt":{"rendered":"<p>Sprintech City XL Assembly Sprintech\u00ae City prim\u00e9 d\u00e8s le d\u00e9but au Concours de l\u2019Innovation en 1996, \u00e0 Martigny, en Suisse, [&hellip;]<\/p>\n","protected":false},"featured_media":7896,"template":"","meta":{"site-sidebar-layout":"default","site-content-layout":"","ast-site-content-layout":"default","site-content-style":"default","site-sidebar-style":"default","ast-global-header-display":"","ast-banner-title-visibility":"","ast-main-header-display":"","ast-hfb-above-header-display":"","ast-hfb-below-header-display":"","ast-hfb-mobile-header-display":"","site-post-title":"","ast-breadcrumbs-content":"","ast-featured-img":"","footer-sml-layout":"","ast-disable-related-posts":"","theme-transparent-header-meta":"default","adv-header-id-meta":"","stick-header-meta":"default","header-above-stick-meta":"","header-main-stick-meta":"","header-below-stick-meta":"","astra-migrate-meta-layouts":"default","ast-page-background-enabled":"default","ast-page-background-meta":{"desktop":{"background-color":"var(--ast-global-color-4)","background-image":"","background-repeat":"repeat","background-position":"center center","background-size":"auto","background-attachment":"scroll","background-type":"","background-media":"","overlay-type":"","overlay-color":"","overlay-opacity":"","overlay-gradient":""},"tablet":{"background-color":"","background-image":"","background-repeat":"repeat","background-position":"center center","background-size":"auto","background-attachment":"scroll","background-type":"","background-media":"","overlay-type":"","overlay-color":"","overlay-opacity":"","overlay-gradient":""},"mobile":{"background-color":"","background-image":"","background-repeat":"repeat","background-position":"center center","background-size":"auto","background-attachment":"scroll","background-type":"","background-media":"","overlay-type":"","overlay-color":"","overlay-opacity":"","overlay-gradient":""}},"ast-content-background-meta":{"desktop":{"background-color":"var(--ast-global-color-5)","background-image":"","background-repeat":"repeat","background-position":"center center","background-size":"auto","background-attachment":"scroll","background-type":"","background-media":"","overlay-type":"","overlay-color":"","overlay-opacity":"","overlay-gradient":""},"tablet":{"background-color":"var(--ast-global-color-5)","background-image":"","background-repeat":"repeat","background-position":"center center","background-size":"auto","background-attachment":"scroll","background-type":"","background-media":"","overlay-type":"","overlay-color":"","overlay-opacity":"","overlay-gradient":""},"mobile":{"background-color":"var(--ast-global-color-5)","background-image":"","background-repeat":"repeat","background-position":"center center","background-size":"auto","background-attachment":"scroll","background-type":"","background-media":"","overlay-type":"","overlay-color":"","overlay-opacity":"","overlay-gradient":""}}},"product_brand":[],"product_cat":[269],"product_tag":[],"class_list":{"0":"post-8477","1":"product","2":"type-product","3":"status-publish","4":"has-post-thumbnail","6":"product_cat-retroviseurs","7":"desktop-align-left","8":"tablet-align-left","9":"mobile-align-left","10":"ast-product-gallery-layout-vertical-slider","11":"ast-magnify-disabled","12":"ast-product-tabs-layout-vertical","14":"first","15":"instock","16":"shipping-taxable","17":"purchasable","18":"product-type-simple"},"_links":{"self":[{"href":"https:\/\/www.sprintech.eu\/fr\/wp-json\/wp\/v2\/product\/8477","targetHints":{"allow":["GET"]}}],"collection":[{"href":"https:\/\/www.sprintech.eu\/fr\/wp-json\/wp\/v2\/product"}],"about":[{"href":"https:\/\/www.sprintech.eu\/fr\/wp-json\/wp\/v2\/types\/product"}],"wp:featuredmedia":[{"embeddable":true,"href":"https:\/\/www.sprintech.eu\/fr\/wp-json\/wp\/v2\/media\/7896"}],"wp:attachment":[{"href":"https:\/\/www.sprintech.eu\/fr\/wp-json\/wp\/v2\/media?parent=8477"}],"wp:term":[{"taxonomy":"product_brand","embeddable":true,"href":"https:\/\/www.sprintech.eu\/fr\/wp-json\/wp\/v2\/product_brand?post=8477"},{"taxonomy":"product_cat","embeddable":true,"href":"https:\/\/www.sprintech.eu\/fr\/wp-json\/wp\/v2\/product_cat?post=8477"},{"taxonomy":"product_tag","embeddable":true,"href":"https:\/\/www.sprintech.eu\/fr\/wp-json\/wp\/v2\/product_tag?post=8477"}],"curies":[{"name":"wp","href":"https:\/\/api.w.org\/{rel}","templated":true}]}}