{"id":8456,"date":"2024-11-16T16:49:16","date_gmt":"2024-11-16T15:49:16","guid":{"rendered":"https:\/\/www.sprintech.eu\/sprintech-compact\/"},"modified":"2025-11-14T17:25:57","modified_gmt":"2025-11-14T16:25:57","slug":"sprintech-compact","status":"publish","type":"page","link":"https:\/\/www.sprintech.eu\/fr\/produits\/sprintech-compact\/","title":{"rendered":"Sprintech Compact"},"content":{"rendered":"\t\t<div data-elementor-type=\"wp-page\" data-elementor-id=\"8456\" class=\"elementor elementor-8456 elementor-7633\" data-elementor-post-type=\"page\">\n\t\t\t\t<div class=\"elementor-element elementor-element-d3cf46e e-flex e-con-boxed e-con e-parent\" data-id=\"d3cf46e\" data-element_type=\"container\" data-settings=\"{&quot;background_background&quot;:&quot;classic&quot;}\">\n\t\t\t\t\t<div class=\"e-con-inner\">\n\t\t<div class=\"elementor-element elementor-element-69c69de e-con-full e-flex e-con e-child\" data-id=\"69c69de\" data-element_type=\"container\">\n\t\t\t\t<div class=\"elementor-element elementor-element-e338acb elementor-widget elementor-widget-heading\" data-id=\"e338acb\" data-element_type=\"widget\" data-widget_type=\"heading.default\">\n\t\t\t\t<div class=\"elementor-widget-container\">\n\t\t\t\t\t<h1 class=\"elementor-heading-title elementor-size-default\">Sprintech <span style=\"color:white\">Compact<\/span><\/h1>\t\t\t\t<\/div>\n\t\t\t\t<\/div>\n\t\t\t\t<\/div>\n\t\t\t\t\t<\/div>\n\t\t\t\t<\/div>\n\t\t<div class=\"elementor-element elementor-element-39ca438 e-flex e-con-boxed e-con e-parent\" data-id=\"39ca438\" data-element_type=\"container\">\n\t\t\t\t\t<div class=\"e-con-inner\">\n\t\t<div class=\"elementor-element elementor-element-df0c71c e-con-full e-flex e-con e-child\" data-id=\"df0c71c\" data-element_type=\"container\">\n\t\t\t\t<div class=\"elementor-element elementor-element-3b03456 elementor-widget elementor-widget-image\" data-id=\"3b03456\" data-element_type=\"widget\" data-widget_type=\"image.default\">\n\t\t\t\t<div class=\"elementor-widget-container\">\n\t\t\t\t\t\t\t\t\t\t\t\t\t\t\t<img decoding=\"async\" src=\"https:\/\/www.sprintech.eu\/wp-content\/uploads\/elementor\/thumbs\/sprintech-compact-8-qxpxqgyble6v3uj3xnqtsr7qaoov5uzmdcsijfeyjc.jpg\" title=\"Sprintech Compact\" alt=\"Sprintech Compact\" loading=\"lazy\" \/>\t\t\t\t\t\t\t\t\t\t\t\t\t\t\t<\/div>\n\t\t\t\t<\/div>\n\t\t\t\t<\/div>\n\t\t<div class=\"elementor-element elementor-element-7929d83 e-con-full e-flex e-con e-child\" data-id=\"7929d83\" data-element_type=\"container\">\n\t\t\t\t<div class=\"elementor-element elementor-element-12a6aba elementor-widget elementor-widget-heading\" data-id=\"12a6aba\" data-element_type=\"widget\" data-widget_type=\"heading.default\">\n\t\t\t\t<div class=\"elementor-widget-container\">\n\t\t\t\t\t<h2 class=\"elementor-heading-title elementor-size-default\"><span style=\"color:#cc0000\">Sprintech<\/span> Compact<\/h2>\t\t\t\t<\/div>\n\t\t\t\t<\/div>\n\t\t\t\t<div class=\"elementor-element elementor-element-57d54c7 elementor-widget elementor-widget-text-editor\" data-id=\"57d54c7\" data-element_type=\"widget\" data-widget_type=\"text-editor.default\">\n\t\t\t\t<div class=\"elementor-widget-container\">\n\t\t\t\t\t\t\t\t\t<p>Les v\u00e9los \u00e0 assistance \u00e9lectrique (VAE) ont le vent en poupe d\u2019o\u00f9 la n\u00e9cessit\u00e9 de d\u00e9velopper un r\u00e9troviseur robuste, design et fonctionnel semblable \u00e0 celui des motocyclettes.<\/p><p><span style=\"color: #cc0000;\"><strong>Sprintech\u00ae Compact <\/strong><\/span>est con\u00e7u non seulement pour les VAE mais pour tous les guidons droits ou l\u00e9g\u00e8rement recourb\u00e9s.<\/p><p>Extr\u00eamement robuste et totalement r\u00e9glable, <strong><span style=\"color: #cc0000;\">Sprintech\u00ae Compact<\/span> <\/strong>a une surface r\u00e9fl\u00e9chissante de 38,5 cm2 en verre tremp\u00e9 et sa faible convexit\u00e9 offre un champ de vision de grande ampleur.<\/p><p>Ce mod\u00e8le con\u00e7u pour les guidons droits se fixe simplement au bout du guidon \u00e0 l\u2019aide d\u2019un tournevis. Gr\u00e2ce \u00e0 ce type de fixation la largeur du guidon n\u2019augmente pas et ne g\u00eane aucunement le-la cycliste dans la circulation<span style=\"color: #cc0000;\"><strong>.<\/strong><\/span><\/p>\t\t\t\t\t\t\t\t<\/div>\n\t\t\t\t<\/div>\n\t\t\t\t<div class=\"elementor-element elementor-element-224d45f elementor-widget elementor-widget-button\" data-id=\"224d45f\" data-element_type=\"widget\" data-widget_type=\"button.default\">\n\t\t\t\t<div class=\"elementor-widget-container\">\n\t\t\t\t\t\t\t\t\t<div class=\"elementor-button-wrapper\">\n\t\t\t\t\t<a class=\"elementor-button elementor-button-link elementor-size-sm\" href=\"https:\/\/www.sprintech.eu\/fr\/produit\/sprintech-compact\/\">\n\t\t\t\t\t\t<span class=\"elementor-button-content-wrapper\">\n\t\t\t\t\t\t\t\t\t<span class=\"elementor-button-text\">Acheter<\/span>\n\t\t\t\t\t<\/span>\n\t\t\t\t\t<\/a>\n\t\t\t\t<\/div>\n\t\t\t\t\t\t\t\t<\/div>\n\t\t\t\t<\/div>\n\t\t\t\t<\/div>\n\t\t\t\t\t<\/div>\n\t\t\t\t<\/div>\n\t\t<div class=\"elementor-element elementor-element-9c27f84 e-con-full e-flex e-con e-parent\" data-id=\"9c27f84\" data-element_type=\"container\" data-settings=\"{&quot;background_background&quot;:&quot;classic&quot;}\">\n\t\t\t\t<div class=\"elementor-element elementor-element-243954f elementor-widget elementor-widget-video\" data-id=\"243954f\" data-element_type=\"widget\" data-settings=\"{&quot;video_type&quot;:&quot;hosted&quot;,&quot;autoplay&quot;:&quot;yes&quot;,&quot;play_on_mobile&quot;:&quot;yes&quot;,&quot;mute&quot;:&quot;yes&quot;,&quot;loop&quot;:&quot;yes&quot;,&quot;controls&quot;:&quot;yes&quot;}\" data-widget_type=\"video.default\">\n\t\t\t\t<div class=\"elementor-widget-container\">\n\t\t\t\t\t\t\t<div class=\"e-hosted-video elementor-wrapper elementor-open-inline\">\n\t\t\t\t\t<video class=\"elementor-video\" src=\"https:\/\/www.sprintech.eu\/wp-content\/uploads\/2021\/01\/sprintech-compact.mp4\" autoplay=\"\" loop=\"\" controls=\"\" muted=\"muted\" playsinline=\"\" controlsList=\"nodownload\"><\/video>\n\t\t\t\t<\/div>\n\t\t\t\t\t\t<\/div>\n\t\t\t\t<\/div>\n\t\t\t\t<\/div>\n\t\t<div class=\"elementor-element elementor-element-c5e53e6 e-flex e-con-boxed e-con e-parent\" data-id=\"c5e53e6\" data-element_type=\"container\">\n\t\t\t\t\t<div class=\"e-con-inner\">\n\t\t<div class=\"elementor-element elementor-element-18a61cf e-con-full e-flex e-con e-child\" data-id=\"18a61cf\" data-element_type=\"container\">\n\t\t\t\t<div class=\"elementor-element elementor-element-7a12f54 elementor-widget elementor-widget-heading\" data-id=\"7a12f54\" data-element_type=\"widget\" data-widget_type=\"heading.default\">\n\t\t\t\t<div class=\"elementor-widget-container\">\n\t\t\t\t\t<h2 class=\"elementor-heading-title elementor-size-default\">Fiche <font color=\"#cc0000\">technique<\/font><\/h2>\t\t\t\t<\/div>\n\t\t\t\t<\/div>\n\t\t\t\t<div class=\"elementor-element elementor-element-0608b6c elementor-icon-list--layout-traditional elementor-list-item-link-full_width elementor-widget elementor-widget-icon-list\" data-id=\"0608b6c\" data-element_type=\"widget\" data-widget_type=\"icon-list.default\">\n\t\t\t\t<div class=\"elementor-widget-container\">\n\t\t\t\t\t\t\t<ul class=\"elementor-icon-list-items\">\n\t\t\t\t\t\t\t<li class=\"elementor-icon-list-item\">\n\t\t\t\t\t\t\t\t\t\t\t<span class=\"elementor-icon-list-icon\">\n\t\t\t\t\t\t\t<svg aria-hidden=\"true\" class=\"e-font-icon-svg e-fas-map-marker-alt\" viewBox=\"0 0 384 512\" xmlns=\"http:\/\/www.w3.org\/2000\/svg\"><path d=\"M172.268 501.67C26.97 291.031 0 269.413 0 192 0 85.961 85.961 0 192 0s192 85.961 192 192c0 77.413-26.97 99.031-172.268 309.67-9.535 13.774-29.93 13.773-39.464 0zM192 272c44.183 0 80-35.817 80-80s-35.817-80-80-80-80 35.817-80 80 35.817 80 80 80z\"><\/path><\/svg>\t\t\t\t\t\t<\/span>\n\t\t\t\t\t\t\t\t\t\t<span class=\"elementor-icon-list-text\">Produit Suisse<\/span>\n\t\t\t\t\t\t\t\t\t<\/li>\n\t\t\t\t\t\t\t\t<li class=\"elementor-icon-list-item\">\n\t\t\t\t\t\t\t\t\t\t\t<span class=\"elementor-icon-list-icon\">\n\t\t\t\t\t\t\t<svg aria-hidden=\"true\" class=\"e-font-icon-svg e-fas-tools\" viewBox=\"0 0 512 512\" xmlns=\"http:\/\/www.w3.org\/2000\/svg\"><path d=\"M501.1 395.7L384 278.6c-23.1-23.1-57.6-27.6-85.4-13.9L192 158.1V96L64 0 0 64l96 128h62.1l106.6 106.6c-13.6 27.8-9.2 62.3 13.9 85.4l117.1 117.1c14.6 14.6 38.2 14.6 52.7 0l52.7-52.7c14.5-14.6 14.5-38.2 0-52.7zM331.7 225c28.3 0 54.9 11 74.9 31l19.4 19.4c15.8-6.9 30.8-16.5 43.8-29.5 37.1-37.1 49.7-89.3 37.9-136.7-2.2-9-13.5-12.1-20.1-5.5l-74.4 74.4-67.9-11.3L334 98.9l74.4-74.4c6.6-6.6 3.4-17.9-5.7-20.2-47.4-11.7-99.6.9-136.6 37.9-28.5 28.5-41.9 66.1-41.2 103.6l82.1 82.1c8.1-1.9 16.5-2.9 24.7-2.9zm-103.9 82l-56.7-56.7L18.7 402.8c-25 25-25 65.5 0 90.5s65.5 25 90.5 0l123.6-123.6c-7.6-19.9-9.9-41.6-5-62.7zM64 472c-13.2 0-24-10.8-24-24 0-13.3 10.7-24 24-24s24 10.7 24 24c0 13.2-10.7 24-24 24z\"><\/path><\/svg>\t\t\t\t\t\t<\/span>\n\t\t\t\t\t\t\t\t\t\t<span class=\"elementor-icon-list-text\">Simple \u00e0 assembler<\/span>\n\t\t\t\t\t\t\t\t\t<\/li>\n\t\t\t\t\t\t\t\t<li class=\"elementor-icon-list-item\">\n\t\t\t\t\t\t\t\t\t\t\t<span class=\"elementor-icon-list-icon\">\n\t\t\t\t\t\t\t<svg aria-hidden=\"true\" class=\"e-font-icon-svg e-fas-cog\" viewBox=\"0 0 512 512\" xmlns=\"http:\/\/www.w3.org\/2000\/svg\"><path d=\"M487.4 315.7l-42.6-24.6c4.3-23.2 4.3-47 0-70.2l42.6-24.6c4.9-2.8 7.1-8.6 5.5-14-11.1-35.6-30-67.8-54.7-94.6-3.8-4.1-10-5.1-14.8-2.3L380.8 110c-17.9-15.4-38.5-27.3-60.8-35.1V25.8c0-5.6-3.9-10.5-9.4-11.7-36.7-8.2-74.3-7.8-109.2 0-5.5 1.2-9.4 6.1-9.4 11.7V75c-22.2 7.9-42.8 19.8-60.8 35.1L88.7 85.5c-4.9-2.8-11-1.9-14.8 2.3-24.7 26.7-43.6 58.9-54.7 94.6-1.7 5.4.6 11.2 5.5 14L67.3 221c-4.3 23.2-4.3 47 0 70.2l-42.6 24.6c-4.9 2.8-7.1 8.6-5.5 14 11.1 35.6 30 67.8 54.7 94.6 3.8 4.1 10 5.1 14.8 2.3l42.6-24.6c17.9 15.4 38.5 27.3 60.8 35.1v49.2c0 5.6 3.9 10.5 9.4 11.7 36.7 8.2 74.3 7.8 109.2 0 5.5-1.2 9.4-6.1 9.4-11.7v-49.2c22.2-7.9 42.8-19.8 60.8-35.1l42.6 24.6c4.9 2.8 11 1.9 14.8-2.3 24.7-26.7 43.6-58.9 54.7-94.6 1.5-5.5-.7-11.3-5.6-14.1zM256 336c-44.1 0-80-35.9-80-80s35.9-80 80-80 80 35.9 80 80-35.9 80-80 80z\"><\/path><\/svg>\t\t\t\t\t\t<\/span>\n\t\t\t\t\t\t\t\t\t\t<span class=\"elementor-icon-list-text\">Simple \u00e0 r\u00e9gler<\/span>\n\t\t\t\t\t\t\t\t\t<\/li>\n\t\t\t\t\t\t<\/ul>\n\t\t\t\t\t\t<\/div>\n\t\t\t\t<\/div>\n\t\t\t\t<div class=\"elementor-element elementor-element-1a1d1ec elementor-widget elementor-widget-text-editor\" data-id=\"1a1d1ec\" data-element_type=\"widget\" data-widget_type=\"text-editor.default\">\n\t\t\t\t<div class=\"elementor-widget-container\">\n\t\t\t\t\t\t\t\t\t<p>R\u00e9troviseurs r\u00e9glables pour guidons droits<\/p>\n\t\t\t\t\t\t\t\t<\/div>\n\t\t\t\t<\/div>\n\t\t\t\t<div class=\"elementor-element elementor-element-6cd10ae elementor-widget elementor-widget-button\" data-id=\"6cd10ae\" data-element_type=\"widget\" data-widget_type=\"button.default\">\n\t\t\t\t<div class=\"elementor-widget-container\">\n\t\t\t\t\t\t\t\t\t<div class=\"elementor-button-wrapper\">\n\t\t\t\t\t<a class=\"elementor-button elementor-button-link elementor-size-sm\" href=\"https:\/\/www.sprintech.eu\/wp-content\/uploads\/2025\/11\/Fiche-technique-sans-prix-5-produits-OK.pdf\">\n\t\t\t\t\t\t<span class=\"elementor-button-content-wrapper\">\n\t\t\t\t\t\t\t\t\t<span class=\"elementor-button-text\">T\u00e9l\u00e9chargez la fiche technique<\/span>\n\t\t\t\t\t<\/span>\n\t\t\t\t\t<\/a>\n\t\t\t\t<\/div>\n\t\t\t\t\t\t\t\t<\/div>\n\t\t\t\t<\/div>\n\t\t\t\t<\/div>\n\t\t<div class=\"elementor-element elementor-element-b3e9558 e-con-full e-flex e-con e-child\" data-id=\"b3e9558\" data-element_type=\"container\">\n\t\t\t\t<div class=\"elementor-element elementor-element-971c3a9 elementor-widget elementor-widget-heading\" data-id=\"971c3a9\" data-element_type=\"widget\" data-widget_type=\"heading.default\">\n\t\t\t\t<div class=\"elementor-widget-container\">\n\t\t\t\t\t<h2 class=\"elementor-heading-title elementor-size-default\">Instructions de montage de <font color=\"#cc0000\">Sprintech Compact <\/font> <\/h2>\t\t\t\t<\/div>\n\t\t\t\t<\/div>\n\t\t\t\t<div class=\"elementor-element elementor-element-c8e65bd elementor-widget elementor-widget-image\" data-id=\"c8e65bd\" data-element_type=\"widget\" data-widget_type=\"image.default\">\n\t\t\t\t<div class=\"elementor-widget-container\">\n\t\t\t\t\t\t\t\t\t\t\t\t\t\t\t<img fetchpriority=\"high\" decoding=\"async\" width=\"768\" height=\"427\" src=\"https:\/\/www.sprintech.eu\/wp-content\/uploads\/2020\/12\/sprintech-compact-assembly-768x427.jpeg\" class=\"attachment-medium_large size-medium_large wp-image-7266\" alt=\"\" srcset=\"https:\/\/www.sprintech.eu\/wp-content\/uploads\/2020\/12\/sprintech-compact-assembly-768x427.jpeg 768w, https:\/\/www.sprintech.eu\/wp-content\/uploads\/2020\/12\/sprintech-compact-assembly-600x334.jpeg 600w, https:\/\/www.sprintech.eu\/wp-content\/uploads\/2020\/12\/sprintech-compact-assembly-300x167.jpeg 300w, https:\/\/www.sprintech.eu\/wp-content\/uploads\/2020\/12\/sprintech-compact-assembly-1030x573.jpeg 1030w, https:\/\/www.sprintech.eu\/wp-content\/uploads\/2020\/12\/sprintech-compact-assembly-705x392.jpeg 705w, https:\/\/www.sprintech.eu\/wp-content\/uploads\/2020\/12\/sprintech-compact-assembly.jpeg 1036w\" sizes=\"(max-width: 768px) 100vw, 768px\" \/>\t\t\t\t\t\t\t\t\t\t\t\t\t\t\t<\/div>\n\t\t\t\t<\/div>\n\t\t\t\t<\/div>\n\t\t\t\t\t<\/div>\n\t\t\t\t<\/div>\n\t\t<div class=\"elementor-element elementor-element-7552d18 e-con-full e-flex e-con e-parent\" data-id=\"7552d18\" data-element_type=\"container\">\n\t\t\t\t<div class=\"elementor-element elementor-element-21900e5 elementor-widget elementor-widget-heading\" data-id=\"21900e5\" data-element_type=\"widget\" data-widget_type=\"heading.default\">\n\t\t\t\t<div class=\"elementor-widget-container\">\n\t\t\t\t\t<h2 class=\"elementor-heading-title elementor-size-default\">Photogallery <font color=\"#cc0000\">Sprintech Compact<\/font><\/h2>\t\t\t\t<\/div>\n\t\t\t\t<\/div>\n\t\t\t\t<div class=\"elementor-element elementor-element-d95e071 elementor-widget elementor-widget-gallery\" data-id=\"d95e071\" data-element_type=\"widget\" data-settings=\"{&quot;columns&quot;:5,&quot;aspect_ratio&quot;:&quot;1:1&quot;,&quot;lazyload&quot;:&quot;yes&quot;,&quot;gallery_layout&quot;:&quot;grid&quot;,&quot;columns_tablet&quot;:2,&quot;columns_mobile&quot;:1,&quot;gap&quot;:{&quot;unit&quot;:&quot;px&quot;,&quot;size&quot;:10,&quot;sizes&quot;:[]},&quot;gap_tablet&quot;:{&quot;unit&quot;:&quot;px&quot;,&quot;size&quot;:10,&quot;sizes&quot;:[]},&quot;gap_mobile&quot;:{&quot;unit&quot;:&quot;px&quot;,&quot;size&quot;:10,&quot;sizes&quot;:[]},&quot;link_to&quot;:&quot;file&quot;,&quot;overlay_background&quot;:&quot;yes&quot;,&quot;content_hover_animation&quot;:&quot;fade-in&quot;}\" data-widget_type=\"gallery.default\">\n\t\t\t\t<div class=\"elementor-widget-container\">\n\t\t\t\t\t\t\t<div class=\"elementor-gallery__container\">\n\t\t\t\t\t\t\t<a class=\"e-gallery-item elementor-gallery-item elementor-animated-content\" href=\"https:\/\/www.sprintech.eu\/wp-content\/uploads\/2021\/01\/sprintech-compact-9.jpg\" data-elementor-open-lightbox=\"yes\" data-elementor-lightbox-slideshow=\"d95e071\" data-e-action-hash=\"#elementor-action%3Aaction%3Dlightbox%26settings%3DeyJpZCI6NzEwMiwidXJsIjoiaHR0cHM6XC9cL3d3dy5zcHJpbnRlY2guZXVcL3dwLWNvbnRlbnRcL3VwbG9hZHNcLzIwMjFcLzAxXC9zcHJpbnRlY2gtY29tcGFjdC05LmpwZyIsInNsaWRlc2hvdyI6ImQ5NWUwNzEifQ%3D%3D\">\n\t\t\t\t\t<div class=\"e-gallery-image elementor-gallery-item__image\" data-thumbnail=\"https:\/\/www.sprintech.eu\/wp-content\/uploads\/2021\/01\/sprintech-compact-9-768x512.jpg\" data-width=\"768\" data-height=\"512\" aria-label=\"\" role=\"img\" ><\/div>\n\t\t\t\t\t\t\t\t\t\t\t<div class=\"elementor-gallery-item__overlay\"><\/div>\n\t\t\t\t\t\t\t\t\t\t\t\t\t\t<\/a>\n\t\t\t\t\t\t\t<a class=\"e-gallery-item elementor-gallery-item elementor-animated-content\" href=\"https:\/\/www.sprintech.eu\/wp-content\/uploads\/2020\/12\/sprintech-cmpact-gallery-7.jpg\" data-elementor-open-lightbox=\"yes\" data-elementor-lightbox-slideshow=\"d95e071\" data-e-action-hash=\"#elementor-action%3Aaction%3Dlightbox%26settings%3DeyJpZCI6NzA2MiwidXJsIjoiaHR0cHM6XC9cL3d3dy5zcHJpbnRlY2guZXVcL3dwLWNvbnRlbnRcL3VwbG9hZHNcLzIwMjBcLzEyXC9zcHJpbnRlY2gtY21wYWN0LWdhbGxlcnktNy5qcGciLCJzbGlkZXNob3ciOiJkOTVlMDcxIn0%3D\">\n\t\t\t\t\t<div class=\"e-gallery-image elementor-gallery-item__image\" data-thumbnail=\"https:\/\/www.sprintech.eu\/wp-content\/uploads\/2020\/12\/sprintech-cmpact-gallery-7-768x512.jpg\" data-width=\"768\" data-height=\"512\" aria-label=\"\" role=\"img\" ><\/div>\n\t\t\t\t\t\t\t\t\t\t\t<div class=\"elementor-gallery-item__overlay\"><\/div>\n\t\t\t\t\t\t\t\t\t\t\t\t\t\t<\/a>\n\t\t\t\t\t\t\t<a class=\"e-gallery-item elementor-gallery-item elementor-animated-content\" href=\"https:\/\/www.sprintech.eu\/wp-content\/uploads\/2021\/01\/sprintech-compact-8.jpg\" data-elementor-open-lightbox=\"yes\" data-elementor-lightbox-slideshow=\"d95e071\" data-e-action-hash=\"#elementor-action%3Aaction%3Dlightbox%26settings%3DeyJpZCI6NzExMCwidXJsIjoiaHR0cHM6XC9cL3d3dy5zcHJpbnRlY2guZXVcL3dwLWNvbnRlbnRcL3VwbG9hZHNcLzIwMjFcLzAxXC9zcHJpbnRlY2gtY29tcGFjdC04LmpwZyIsInNsaWRlc2hvdyI6ImQ5NWUwNzEifQ%3D%3D\">\n\t\t\t\t\t<div class=\"e-gallery-image elementor-gallery-item__image\" data-thumbnail=\"https:\/\/www.sprintech.eu\/wp-content\/uploads\/2021\/01\/sprintech-compact-8-768x432.jpg\" data-width=\"768\" data-height=\"432\" aria-label=\"\" role=\"img\" ><\/div>\n\t\t\t\t\t\t\t\t\t\t\t<div class=\"elementor-gallery-item__overlay\"><\/div>\n\t\t\t\t\t\t\t\t\t\t\t\t\t\t<\/a>\n\t\t\t\t\t\t\t<a class=\"e-gallery-item elementor-gallery-item elementor-animated-content\" href=\"https:\/\/www.sprintech.eu\/wp-content\/uploads\/2020\/12\/sprintech-cmpact-gallery-6.jpg\" data-elementor-open-lightbox=\"yes\" data-elementor-lightbox-slideshow=\"d95e071\" data-e-action-hash=\"#elementor-action%3Aaction%3Dlightbox%26settings%3DeyJpZCI6NTQzMCwidXJsIjoiaHR0cHM6XC9cL3d3dy5zcHJpbnRlY2guZXVcL3dwLWNvbnRlbnRcL3VwbG9hZHNcLzIwMjBcLzEyXC9zcHJpbnRlY2gtY21wYWN0LWdhbGxlcnktNi5qcGciLCJzbGlkZXNob3ciOiJkOTVlMDcxIn0%3D\">\n\t\t\t\t\t<div class=\"e-gallery-image elementor-gallery-item__image\" data-thumbnail=\"https:\/\/www.sprintech.eu\/wp-content\/uploads\/2020\/12\/sprintech-cmpact-gallery-6-768x512.jpg\" data-width=\"768\" data-height=\"512\" aria-label=\"\" role=\"img\" ><\/div>\n\t\t\t\t\t\t\t\t\t\t\t<div class=\"elementor-gallery-item__overlay\"><\/div>\n\t\t\t\t\t\t\t\t\t\t\t\t\t\t<\/a>\n\t\t\t\t\t\t\t<a class=\"e-gallery-item elementor-gallery-item elementor-animated-content\" href=\"https:\/\/www.sprintech.eu\/wp-content\/uploads\/2020\/12\/sprintech-cmpact-gallery-5.jpg\" data-elementor-open-lightbox=\"yes\" data-elementor-lightbox-slideshow=\"d95e071\" data-e-action-hash=\"#elementor-action%3Aaction%3Dlightbox%26settings%3DeyJpZCI6NjU0MiwidXJsIjoiaHR0cHM6XC9cL3d3dy5zcHJpbnRlY2guZXVcL3dwLWNvbnRlbnRcL3VwbG9hZHNcLzIwMjBcLzEyXC9zcHJpbnRlY2gtY21wYWN0LWdhbGxlcnktNS5qcGciLCJzbGlkZXNob3ciOiJkOTVlMDcxIn0%3D\">\n\t\t\t\t\t<div class=\"e-gallery-image elementor-gallery-item__image\" data-thumbnail=\"https:\/\/www.sprintech.eu\/wp-content\/uploads\/2020\/12\/sprintech-cmpact-gallery-5-768x512.jpg\" data-width=\"768\" data-height=\"512\" aria-label=\"\" role=\"img\" ><\/div>\n\t\t\t\t\t\t\t\t\t\t\t<div class=\"elementor-gallery-item__overlay\"><\/div>\n\t\t\t\t\t\t\t\t\t\t\t\t\t\t<\/a>\n\t\t\t\t\t\t\t<a class=\"e-gallery-item elementor-gallery-item elementor-animated-content\" href=\"https:\/\/www.sprintech.eu\/wp-content\/uploads\/2020\/12\/sprintech-cmpact-gallery-4.jpg\" data-elementor-open-lightbox=\"yes\" data-elementor-lightbox-slideshow=\"d95e071\" data-e-action-hash=\"#elementor-action%3Aaction%3Dlightbox%26settings%3DeyJpZCI6NzA0NiwidXJsIjoiaHR0cHM6XC9cL3d3dy5zcHJpbnRlY2guZXVcL3dwLWNvbnRlbnRcL3VwbG9hZHNcLzIwMjBcLzEyXC9zcHJpbnRlY2gtY21wYWN0LWdhbGxlcnktNC5qcGciLCJzbGlkZXNob3ciOiJkOTVlMDcxIn0%3D\">\n\t\t\t\t\t<div class=\"e-gallery-image elementor-gallery-item__image\" data-thumbnail=\"https:\/\/www.sprintech.eu\/wp-content\/uploads\/2020\/12\/sprintech-cmpact-gallery-4-768x512.jpg\" data-width=\"768\" data-height=\"512\" aria-label=\"\" role=\"img\" ><\/div>\n\t\t\t\t\t\t\t\t\t\t\t<div class=\"elementor-gallery-item__overlay\"><\/div>\n\t\t\t\t\t\t\t\t\t\t\t\t\t\t<\/a>\n\t\t\t\t\t\t\t<a class=\"e-gallery-item elementor-gallery-item elementor-animated-content\" href=\"https:\/\/www.sprintech.eu\/wp-content\/uploads\/2020\/12\/sprintech-cmpact-gallery-3.jpg\" data-elementor-open-lightbox=\"yes\" data-elementor-lightbox-slideshow=\"d95e071\" data-e-action-hash=\"#elementor-action%3Aaction%3Dlightbox%26settings%3DeyJpZCI6NjQ5MCwidXJsIjoiaHR0cHM6XC9cL3d3dy5zcHJpbnRlY2guZXVcL3dwLWNvbnRlbnRcL3VwbG9hZHNcLzIwMjBcLzEyXC9zcHJpbnRlY2gtY21wYWN0LWdhbGxlcnktMy5qcGciLCJzbGlkZXNob3ciOiJkOTVlMDcxIn0%3D\">\n\t\t\t\t\t<div class=\"e-gallery-image elementor-gallery-item__image\" data-thumbnail=\"https:\/\/www.sprintech.eu\/wp-content\/uploads\/2020\/12\/sprintech-cmpact-gallery-3-768x798.jpg\" data-width=\"768\" data-height=\"798\" aria-label=\"\" role=\"img\" ><\/div>\n\t\t\t\t\t\t\t\t\t\t\t<div class=\"elementor-gallery-item__overlay\"><\/div>\n\t\t\t\t\t\t\t\t\t\t\t\t\t\t<\/a>\n\t\t\t\t\t\t\t<a class=\"e-gallery-item elementor-gallery-item elementor-animated-content\" href=\"https:\/\/www.sprintech.eu\/wp-content\/uploads\/2020\/12\/sprintech-cmpact-gallery-2.jpg\" data-elementor-open-lightbox=\"yes\" data-elementor-lightbox-slideshow=\"d95e071\" data-e-action-hash=\"#elementor-action%3Aaction%3Dlightbox%26settings%3DeyJpZCI6NjIxMCwidXJsIjoiaHR0cHM6XC9cL3d3dy5zcHJpbnRlY2guZXVcL3dwLWNvbnRlbnRcL3VwbG9hZHNcLzIwMjBcLzEyXC9zcHJpbnRlY2gtY21wYWN0LWdhbGxlcnktMi5qcGciLCJzbGlkZXNob3ciOiJkOTVlMDcxIn0%3D\">\n\t\t\t\t\t<div class=\"e-gallery-image elementor-gallery-item__image\" data-thumbnail=\"https:\/\/www.sprintech.eu\/wp-content\/uploads\/2020\/12\/sprintech-cmpact-gallery-2-768x512.jpg\" data-width=\"768\" data-height=\"512\" aria-label=\"\" role=\"img\" ><\/div>\n\t\t\t\t\t\t\t\t\t\t\t<div class=\"elementor-gallery-item__overlay\"><\/div>\n\t\t\t\t\t\t\t\t\t\t\t\t\t\t<\/a>\n\t\t\t\t\t\t\t<a class=\"e-gallery-item elementor-gallery-item elementor-animated-content\" href=\"https:\/\/www.sprintech.eu\/wp-content\/uploads\/2020\/12\/sprintech-cmpact-home.jpg\" data-elementor-open-lightbox=\"yes\" data-elementor-lightbox-slideshow=\"d95e071\" data-e-action-hash=\"#elementor-action%3Aaction%3Dlightbox%26settings%3DeyJpZCI6NTcyMiwidXJsIjoiaHR0cHM6XC9cL3d3dy5zcHJpbnRlY2guZXVcL3dwLWNvbnRlbnRcL3VwbG9hZHNcLzIwMjBcLzEyXC9zcHJpbnRlY2gtY21wYWN0LWhvbWUuanBnIiwic2xpZGVzaG93IjoiZDk1ZTA3MSJ9\">\n\t\t\t\t\t<div class=\"e-gallery-image elementor-gallery-item__image\" data-thumbnail=\"https:\/\/www.sprintech.eu\/wp-content\/uploads\/2020\/12\/sprintech-cmpact-home-768x512.jpg\" data-width=\"768\" data-height=\"512\" aria-label=\"\" role=\"img\" ><\/div>\n\t\t\t\t\t\t\t\t\t\t\t<div class=\"elementor-gallery-item__overlay\"><\/div>\n\t\t\t\t\t\t\t\t\t\t\t\t\t\t<\/a>\n\t\t\t\t\t<\/div>\n\t\t\t\t\t<\/div>\n\t\t\t\t<\/div>\n\t\t\t\t<\/div>\n\t\t\t\t<\/div>\n\t\t","protected":false},"excerpt":{"rendered":"<p>Sprintech Compact Sprintech Compact Les v\u00e9los \u00e0 assistance \u00e9lectrique (VAE) ont le vent en poupe d\u2019o\u00f9 la n\u00e9cessit\u00e9 de d\u00e9velopper [&hellip;]<\/p>\n","protected":false},"author":1,"featured_media":0,"parent":8480,"menu_order":0,"comment_status":"closed","ping_status":"closed","template":"","meta":{"site-sidebar-layout":"no-sidebar","site-content-layout":"","ast-site-content-layout":"full-width-container","site-content-style":"default","site-sidebar-style":"default","ast-global-header-display":"","ast-banner-title-visibility":"","ast-main-header-display":"","ast-hfb-above-header-display":"","ast-hfb-below-header-display":"","ast-hfb-mobile-header-display":"","site-post-title":"disabled","ast-breadcrumbs-content":"","ast-featured-img":"disabled","footer-sml-layout":"","ast-disable-related-posts":"","theme-transparent-header-meta":"default","adv-header-id-meta":"","stick-header-meta":"default","header-above-stick-meta":"","header-main-stick-meta":"","header-below-stick-meta":"","astra-migrate-meta-layouts":"default","ast-page-background-enabled":"default","ast-page-background-meta":{"desktop":{"background-color":"var(--ast-global-color-4)","background-image":"","background-repeat":"repeat","background-position":"center center","background-size":"auto","background-attachment":"scroll","background-type":"","background-media":"","overlay-type":"","overlay-color":"","overlay-opacity":"","overlay-gradient":""},"tablet":{"background-color":"","background-image":"","background-repeat":"repeat","background-position":"center center","background-size":"auto","background-attachment":"scroll","background-type":"","background-media":"","overlay-type":"","overlay-color":"","overlay-opacity":"","overlay-gradient":""},"mobile":{"background-color":"","background-image":"","background-repeat":"repeat","background-position":"center center","background-size":"auto","background-attachment":"scroll","background-type":"","background-media":"","overlay-type":"","overlay-color":"","overlay-opacity":"","overlay-gradient":""}},"ast-content-background-meta":{"desktop":{"background-color":"var(--ast-global-color-5)","background-image":"","background-repeat":"repeat","background-position":"center center","background-size":"auto","background-attachment":"scroll","background-type":"","background-media":"","overlay-type":"","overlay-color":"","overlay-opacity":"","overlay-gradient":""},"tablet":{"background-color":"var(--ast-global-color-5)","background-image":"","background-repeat":"repeat","background-position":"center center","background-size":"auto","background-attachment":"scroll","background-type":"","background-media":"","overlay-type":"","overlay-color":"","overlay-opacity":"","overlay-gradient":""},"mobile":{"background-color":"var(--ast-global-color-5)","background-image":"","background-repeat":"repeat","background-position":"center center","background-size":"auto","background-attachment":"scroll","background-type":"","background-media":"","overlay-type":"","overlay-color":"","overlay-opacity":"","overlay-gradient":""}},"footnotes":""},"class_list":["post-8456","page","type-page","status-publish","hentry"],"_links":{"self":[{"href":"https:\/\/www.sprintech.eu\/fr\/wp-json\/wp\/v2\/pages\/8456","targetHints":{"allow":["GET"]}}],"collection":[{"href":"https:\/\/www.sprintech.eu\/fr\/wp-json\/wp\/v2\/pages"}],"about":[{"href":"https:\/\/www.sprintech.eu\/fr\/wp-json\/wp\/v2\/types\/page"}],"author":[{"embeddable":true,"href":"https:\/\/www.sprintech.eu\/fr\/wp-json\/wp\/v2\/users\/1"}],"replies":[{"embeddable":true,"href":"https:\/\/www.sprintech.eu\/fr\/wp-json\/wp\/v2\/comments?post=8456"}],"version-history":[{"count":14,"href":"https:\/\/www.sprintech.eu\/fr\/wp-json\/wp\/v2\/pages\/8456\/revisions"}],"predecessor-version":[{"id":8922,"href":"https:\/\/www.sprintech.eu\/fr\/wp-json\/wp\/v2\/pages\/8456\/revisions\/8922"}],"up":[{"embeddable":true,"href":"https:\/\/www.sprintech.eu\/fr\/wp-json\/wp\/v2\/pages\/8480"}],"wp:attachment":[{"href":"https:\/\/www.sprintech.eu\/fr\/wp-json\/wp\/v2\/media?parent=8456"}],"curies":[{"name":"wp","href":"https:\/\/api.w.org\/{rel}","templated":true}]}}