{"id":9218,"date":"2024-09-23T18:05:49","date_gmt":"2024-09-23T16:05:49","guid":{"rendered":"https:\/\/www.sprintech.eu\/prodotto\/sprintech-racing\/"},"modified":"2024-09-23T18:05:49","modified_gmt":"2024-09-23T16:05:49","slug":"sprintech-racing","status":"publish","type":"product","link":"https:\/\/www.sprintech.eu\/de\/produkt\/sprintech-racing\/","title":{"rendered":"Sprintech Racing"},"content":{"rendered":"<p>Das Fahrrad wird von Millionen Leuten auf der ganzen Welt geliebt, aber dank der<strong><span style=\"color: #cc0000;\"> Sprintech<sup>\u00ae<\/sup><\/span><\/strong>-R\u00fcckspiegel macht Radfahren mit der Familie, Freunden oder sogar im Rennen noch mehr Spa\u00df und ist vor allem sicherer.<\/p>\n<p><span style=\"color: #cc0000;\"><strong>Sprintech<sup>\u00ae<\/sup> Racing <\/strong><\/span>wurde seit seinem Deb\u00fct am Innovations-wettbewerb 1996 in der Schweiz ausgezeichnet und ist die ideale Fortsetzung des Lenkers von Rennr\u00e4dern.<\/p>\n<p>Aus schlagfestem Kunststoff, ist Sprintech\u00ae Racing in 6 verschiedenen Farben erh\u00e4ltlich: die reflektierende Oberfl\u00e4che besteht aus 9 Chromschichten, die leichte W\u00f6lbung erm\u00f6glicht ein weites Sichtfeld.<\/p>\n<p>Unauff\u00e4llig und leicht (er wiegt nur 24 Gramm), ist stufenlos einstellbar und selbst auf besonders rauen Stra\u00dfen keinen Vibrationen ausgesetzt.<\/p>\n","protected":false},"excerpt":{"rendered":"<p>Das Fahrrad wird von Millionen Leuten auf der ganzen Welt geliebt, aber dank der Sprintech\u00ae-R\u00fcckspiegel macht Radfahren mit der Familie, [&hellip;]<\/p>\n","protected":false},"featured_media":9215,"template":"","meta":{"site-sidebar-layout":"default","site-content-layout":"","ast-site-content-layout":"default","site-content-style":"default","site-sidebar-style":"default","ast-global-header-display":"","ast-banner-title-visibility":"","ast-main-header-display":"","ast-hfb-above-header-display":"","ast-hfb-below-header-display":"","ast-hfb-mobile-header-display":"","site-post-title":"","ast-breadcrumbs-content":"","ast-featured-img":"","footer-sml-layout":"","ast-disable-related-posts":"","theme-transparent-header-meta":"default","adv-header-id-meta":"","stick-header-meta":"default","header-above-stick-meta":"","header-main-stick-meta":"","header-below-stick-meta":"","astra-migrate-meta-layouts":"einstellen.","ast-page-background-enabled":"default","ast-page-background-meta":{"desktop":{"background-color":"var(--ast-global-color-4)","background-image":"","background-repeat":"repeat","background-position":"center center","background-size":"auto","background-attachment":"scroll","background-type":"","background-media":"","overlay-type":"","overlay-color":"","overlay-opacity":"","overlay-gradient":""},"tablet":{"background-color":"","background-image":"","background-repeat":"repeat","background-position":"center center","background-size":"auto","background-attachment":"scroll","background-type":"","background-media":"","overlay-type":"","overlay-color":"","overlay-opacity":"","overlay-gradient":""},"mobile":{"background-color":"","background-image":"","background-repeat":"repeat","background-position":"center center","background-size":"auto","background-attachment":"scroll","background-type":"","background-media":"","overlay-type":"","overlay-color":"","overlay-opacity":"","overlay-gradient":""}},"ast-content-background-meta":{"desktop":{"background-color":"var(--ast-global-color-5)","background-image":"","background-repeat":"repeat","background-position":"center center","background-size":"auto","background-attachment":"scroll","background-type":"","background-media":"","overlay-type":"","overlay-color":"","overlay-opacity":"","overlay-gradient":""},"tablet":{"background-color":"var(--ast-global-color-5)","background-image":"","background-repeat":"repeat","background-position":"center center","background-size":"auto","background-attachment":"scroll","background-type":"","background-media":"","overlay-type":"","overlay-color":"","overlay-opacity":"","overlay-gradient":""},"mobile":{"background-color":"var(--ast-global-color-5)","background-image":"","background-repeat":"repeat","background-position":"center center","background-size":"auto","background-attachment":"scroll","background-type":"","background-media":"","overlay-type":"","overlay-color":"","overlay-opacity":"","overlay-gradient":""}}},"product_brand":[],"product_cat":[292],"product_tag":[],"class_list":{"0":"post-9218","1":"product","2":"type-product","3":"status-publish","4":"has-post-thumbnail","6":"product_cat-ruckspiegel","7":"desktop-align-left","8":"tablet-align-left","9":"mobile-align-left","10":"ast-product-gallery-layout-vertical-slider","11":"ast-magnify-disabled","12":"ast-product-single-variable","13":"ast-product-tabs-layout-vertical","15":"first","16":"instock","17":"shipping-taxable","18":"purchasable","19":"product-type-variable"},"_links":{"self":[{"href":"https:\/\/www.sprintech.eu\/de\/wp-json\/wp\/v2\/product\/9218","targetHints":{"allow":["GET"]}}],"collection":[{"href":"https:\/\/www.sprintech.eu\/de\/wp-json\/wp\/v2\/product"}],"about":[{"href":"https:\/\/www.sprintech.eu\/de\/wp-json\/wp\/v2\/types\/product"}],"wp:featuredmedia":[{"embeddable":true,"href":"https:\/\/www.sprintech.eu\/de\/wp-json\/wp\/v2\/media\/9215"}],"wp:attachment":[{"href":"https:\/\/www.sprintech.eu\/de\/wp-json\/wp\/v2\/media?parent=9218"}],"wp:term":[{"taxonomy":"product_brand","embeddable":true,"href":"https:\/\/www.sprintech.eu\/de\/wp-json\/wp\/v2\/product_brand?post=9218"},{"taxonomy":"product_cat","embeddable":true,"href":"https:\/\/www.sprintech.eu\/de\/wp-json\/wp\/v2\/product_cat?post=9218"},{"taxonomy":"product_tag","embeddable":true,"href":"https:\/\/www.sprintech.eu\/de\/wp-json\/wp\/v2\/product_tag?post=9218"}],"curies":[{"name":"wp","href":"https:\/\/api.w.org\/{rel}","templated":true}]}}