{"id":9212,"date":"2024-11-16T16:57:24","date_gmt":"2024-11-16T15:57:24","guid":{"rendered":"https:\/\/www.sprintech.eu\/prodotto\/sprintech-compact\/"},"modified":"2024-11-16T16:57:24","modified_gmt":"2024-11-16T15:57:24","slug":"sprintech-compact","status":"publish","type":"product","link":"https:\/\/www.sprintech.eu\/de\/produkt\/sprintech-compact\/","title":{"rendered":"Sprintech Compact"},"content":{"rendered":"<p>Die zunehmende Verbreitung von E-Bikes hat zu der Notwendigkeit gef\u00fchrt, sie mit Spiegeln auszustatten, die mit denen an Motorr\u00e4dern vergleichbar sind.<\/p>\n<p><span style=\"color: #cc0000;\"><strong>Sprintech\u00ae Compact <\/strong><\/span>eignet sich jedoch f\u00fcr alle Typen von Fahrrad mit geradem oder leicht gebogenem Lenker.<\/p>\n<p><strong>Sprintech\u00ae Compact <\/strong>ist sehr solide und mehrfach einstellbar. Die reflektierende Oberfl\u00e4che ist mit Sicherheitsglas beschichtet ist und mi\u00dft 38,5 cm2. Eine sehr leichte Konvexit\u00e4t ist daher ausreichend, um ein breites Sichtfeld zu erhalten.<\/p>\n<p>Das Befestigungssystem f\u00fcr den Lenker ist das patentierte System f\u00fcr<span style=\"color: #cc0000;\"> <\/span><strong><span style=\"color: #cc0000;\">Sprintech\u00ae Stadt<\/span> <\/strong>und wurde im Laufe der Jahre immer weiter verfeinert: So wird vermieden, dass zus\u00e4tzliche Zentimeter seitlicher Masse den Verkehr st\u00f6ren und zu einer Gefahrenquelle werden k\u00f6nnen.<\/p>\n","protected":false},"excerpt":{"rendered":"<p>Die zunehmende Verbreitung von E-Bikes hat zu der Notwendigkeit gef\u00fchrt, sie mit Spiegeln auszustatten, die mit denen an Motorr\u00e4dern vergleichbar [&hellip;]<\/p>\n","protected":false},"featured_media":9208,"template":"","meta":{"site-sidebar-layout":"default","site-content-layout":"","ast-site-content-layout":"default","site-content-style":"default","site-sidebar-style":"default","ast-global-header-display":"","ast-banner-title-visibility":"","ast-main-header-display":"","ast-hfb-above-header-display":"","ast-hfb-below-header-display":"","ast-hfb-mobile-header-display":"","site-post-title":"","ast-breadcrumbs-content":"","ast-featured-img":"","footer-sml-layout":"","ast-disable-related-posts":"","theme-transparent-header-meta":"default","adv-header-id-meta":"","stick-header-meta":"default","header-above-stick-meta":"","header-main-stick-meta":"","header-below-stick-meta":"","astra-migrate-meta-layouts":"einstellen.","ast-page-background-enabled":"default","ast-page-background-meta":{"desktop":{"background-color":"var(--ast-global-color-4)","background-image":"","background-repeat":"repeat","background-position":"center center","background-size":"auto","background-attachment":"scroll","background-type":"","background-media":"","overlay-type":"","overlay-color":"","overlay-opacity":"","overlay-gradient":""},"tablet":{"background-color":"","background-image":"","background-repeat":"repeat","background-position":"center center","background-size":"auto","background-attachment":"scroll","background-type":"","background-media":"","overlay-type":"","overlay-color":"","overlay-opacity":"","overlay-gradient":""},"mobile":{"background-color":"","background-image":"","background-repeat":"repeat","background-position":"center center","background-size":"auto","background-attachment":"scroll","background-type":"","background-media":"","overlay-type":"","overlay-color":"","overlay-opacity":"","overlay-gradient":""}},"ast-content-background-meta":{"desktop":{"background-color":"var(--ast-global-color-5)","background-image":"","background-repeat":"repeat","background-position":"center center","background-size":"auto","background-attachment":"scroll","background-type":"","background-media":"","overlay-type":"","overlay-color":"","overlay-opacity":"","overlay-gradient":""},"tablet":{"background-color":"var(--ast-global-color-5)","background-image":"","background-repeat":"repeat","background-position":"center center","background-size":"auto","background-attachment":"scroll","background-type":"","background-media":"","overlay-type":"","overlay-color":"","overlay-opacity":"","overlay-gradient":""},"mobile":{"background-color":"var(--ast-global-color-5)","background-image":"","background-repeat":"repeat","background-position":"center center","background-size":"auto","background-attachment":"scroll","background-type":"","background-media":"","overlay-type":"","overlay-color":"","overlay-opacity":"","overlay-gradient":""}}},"product_brand":[],"product_cat":[292],"product_tag":[],"class_list":{"0":"post-9212","1":"product","2":"type-product","3":"status-publish","4":"has-post-thumbnail","6":"product_cat-ruckspiegel","7":"desktop-align-left","8":"tablet-align-left","9":"mobile-align-left","10":"ast-product-gallery-layout-vertical-slider","11":"ast-magnify-disabled","12":"ast-product-tabs-layout-vertical","14":"first","15":"instock","16":"shipping-taxable","17":"purchasable","18":"product-type-simple"},"_links":{"self":[{"href":"https:\/\/www.sprintech.eu\/de\/wp-json\/wp\/v2\/product\/9212","targetHints":{"allow":["GET"]}}],"collection":[{"href":"https:\/\/www.sprintech.eu\/de\/wp-json\/wp\/v2\/product"}],"about":[{"href":"https:\/\/www.sprintech.eu\/de\/wp-json\/wp\/v2\/types\/product"}],"wp:featuredmedia":[{"embeddable":true,"href":"https:\/\/www.sprintech.eu\/de\/wp-json\/wp\/v2\/media\/9208"}],"wp:attachment":[{"href":"https:\/\/www.sprintech.eu\/de\/wp-json\/wp\/v2\/media?parent=9212"}],"wp:term":[{"taxonomy":"product_brand","embeddable":true,"href":"https:\/\/www.sprintech.eu\/de\/wp-json\/wp\/v2\/product_brand?post=9212"},{"taxonomy":"product_cat","embeddable":true,"href":"https:\/\/www.sprintech.eu\/de\/wp-json\/wp\/v2\/product_cat?post=9212"},{"taxonomy":"product_tag","embeddable":true,"href":"https:\/\/www.sprintech.eu\/de\/wp-json\/wp\/v2\/product_tag?post=9212"}],"curies":[{"name":"wp","href":"https:\/\/api.w.org\/{rel}","templated":true}]}}