{"id":9207,"date":"2024-11-16T16:57:36","date_gmt":"2024-11-16T15:57:36","guid":{"rendered":"https:\/\/www.sprintech.eu\/prodotto\/sprintech-racing-xl\/"},"modified":"2024-11-16T16:57:36","modified_gmt":"2024-11-16T15:57:36","slug":"sprintech-racing-xl","status":"publish","type":"product","link":"https:\/\/www.sprintech.eu\/de\/produkt\/sprintech-racing-xl\/","title":{"rendered":"Sprintech Racing XL"},"content":{"rendered":"<p>25 Jahre nach der Einf\u00fchrung von <strong><span style=\"color: #cc0000;\">Sprintech\u00ae Racing<\/span><\/strong>, was zu Beginn des Innovations-Wettbewerbs in Martigny (Schweiz) 1996 mit einem Preis ausgezeichnet wurde, nimmt <span style=\"color: #cc0000;\"><strong>Sprintech\u00ae Racing XL<\/strong><\/span> das charakteristische Design auf und pa\u00dft es den Anforderungen einer breiteren Anwendung in der vielf\u00e4ltigen Welt des sportlichen, innerst\u00e4dtischen und touristischen Radsports an.<\/p>\n<p>Immer noch stellt es die ideale Fortsetzung eines Rennradlenkers dar: dank seiner gr\u00f6\u00dferen Ausmasse ben\u00f6tigt er eine kleinere Konvexit\u00e4t, um ein gleichgro\u00dfes Blickfeld zu erm\u00f6glichen und die hinter einem liegenden Objekte in realit\u00e4tsn\u00e4heren Dimensionen zu zeigen: seine Spiegeloberfl\u00e4che von 29 cm2 ist mit splitterfestem geh\u00e4rtetem Glas verkleidet.<\/p>\n<p>Das Geh\u00e4use ist aus sto\u00dffestem Plastikmaterial, damit das Gewicht 33 Gramm nicht \u00fcberschreitet und ist sowohl an der rechten wie linken Lenkerseite montierbar anhand der bekannten Gummikappen <strong><span style=\"color: #cc0000;\">Sprintech\u00ae<\/span><\/strong>. Dadurch ist er kontinuierlich komplett regulierbar &#8211; &#8211; unbeeinflu\u00dft von Vibrationen, auch wenn man besonders holprige Strecken bef\u00e4hrt. <\/p>\n","protected":false},"excerpt":{"rendered":"<p>25 Jahre nach der Einf\u00fchrung von Sprintech\u00ae Racing, was zu Beginn des Innovations-Wettbewerbs in Martigny (Schweiz) 1996 mit einem Preis [&hellip;]<\/p>\n","protected":false},"featured_media":9077,"template":"","meta":{"site-sidebar-layout":"default","site-content-layout":"","ast-site-content-layout":"default","site-content-style":"default","site-sidebar-style":"default","ast-global-header-display":"","ast-banner-title-visibility":"","ast-main-header-display":"","ast-hfb-above-header-display":"","ast-hfb-below-header-display":"","ast-hfb-mobile-header-display":"","site-post-title":"","ast-breadcrumbs-content":"","ast-featured-img":"","footer-sml-layout":"","ast-disable-related-posts":"","theme-transparent-header-meta":"default","adv-header-id-meta":"","stick-header-meta":"default","header-above-stick-meta":"","header-main-stick-meta":"","header-below-stick-meta":"","astra-migrate-meta-layouts":"einstellen.","ast-page-background-enabled":"default","ast-page-background-meta":{"desktop":{"background-color":"var(--ast-global-color-4)","background-image":"","background-repeat":"repeat","background-position":"center center","background-size":"auto","background-attachment":"scroll","background-type":"","background-media":"","overlay-type":"","overlay-color":"","overlay-opacity":"","overlay-gradient":""},"tablet":{"background-color":"","background-image":"","background-repeat":"repeat","background-position":"center center","background-size":"auto","background-attachment":"scroll","background-type":"","background-media":"","overlay-type":"","overlay-color":"","overlay-opacity":"","overlay-gradient":""},"mobile":{"background-color":"","background-image":"","background-repeat":"repeat","background-position":"center center","background-size":"auto","background-attachment":"scroll","background-type":"","background-media":"","overlay-type":"","overlay-color":"","overlay-opacity":"","overlay-gradient":""}},"ast-content-background-meta":{"desktop":{"background-color":"var(--ast-global-color-5)","background-image":"","background-repeat":"repeat","background-position":"center center","background-size":"auto","background-attachment":"scroll","background-type":"","background-media":"","overlay-type":"","overlay-color":"","overlay-opacity":"","overlay-gradient":""},"tablet":{"background-color":"var(--ast-global-color-5)","background-image":"","background-repeat":"repeat","background-position":"center center","background-size":"auto","background-attachment":"scroll","background-type":"","background-media":"","overlay-type":"","overlay-color":"","overlay-opacity":"","overlay-gradient":""},"mobile":{"background-color":"var(--ast-global-color-5)","background-image":"","background-repeat":"repeat","background-position":"center center","background-size":"auto","background-attachment":"scroll","background-type":"","background-media":"","overlay-type":"","overlay-color":"","overlay-opacity":"","overlay-gradient":""}}},"product_brand":[],"product_cat":[292],"product_tag":[],"class_list":{"0":"post-9207","1":"product","2":"type-product","3":"status-publish","4":"has-post-thumbnail","6":"product_cat-ruckspiegel","7":"desktop-align-left","8":"tablet-align-left","9":"mobile-align-left","10":"ast-product-gallery-layout-vertical-slider","11":"ast-magnify-disabled","12":"ast-product-tabs-layout-vertical","14":"first","15":"instock","16":"shipping-taxable","17":"purchasable","18":"product-type-simple"},"_links":{"self":[{"href":"https:\/\/www.sprintech.eu\/de\/wp-json\/wp\/v2\/product\/9207","targetHints":{"allow":["GET"]}}],"collection":[{"href":"https:\/\/www.sprintech.eu\/de\/wp-json\/wp\/v2\/product"}],"about":[{"href":"https:\/\/www.sprintech.eu\/de\/wp-json\/wp\/v2\/types\/product"}],"wp:featuredmedia":[{"embeddable":true,"href":"https:\/\/www.sprintech.eu\/de\/wp-json\/wp\/v2\/media\/9077"}],"wp:attachment":[{"href":"https:\/\/www.sprintech.eu\/de\/wp-json\/wp\/v2\/media?parent=9207"}],"wp:term":[{"taxonomy":"product_brand","embeddable":true,"href":"https:\/\/www.sprintech.eu\/de\/wp-json\/wp\/v2\/product_brand?post=9207"},{"taxonomy":"product_cat","embeddable":true,"href":"https:\/\/www.sprintech.eu\/de\/wp-json\/wp\/v2\/product_cat?post=9207"},{"taxonomy":"product_tag","embeddable":true,"href":"https:\/\/www.sprintech.eu\/de\/wp-json\/wp\/v2\/product_tag?post=9207"}],"curies":[{"name":"wp","href":"https:\/\/api.w.org\/{rel}","templated":true}]}}