{"id":9201,"date":"2024-11-16T17:18:37","date_gmt":"2024-11-16T16:18:37","guid":{"rendered":"https:\/\/www.sprintech.eu\/prodotto\/sprintech-city\/"},"modified":"2024-11-16T17:18:37","modified_gmt":"2024-11-16T16:18:37","slug":"sprintech-city","status":"publish","type":"product","link":"https:\/\/www.sprintech.eu\/de\/produkt\/sprintech-city\/","title":{"rendered":"Sprintech City"},"content":{"rendered":"<p>Das Fahrrad wird von Millionen Leuten auf der ganzen Welt geliebt, aber dank der <span style=\"color: #cc0000;\"><strong>Sprintech\u00ae<\/strong><\/span>-R\u00fcckspiegel macht Radfahren mit der Familie, Freunden oder sogar im Rennen noch mehr Spa\u00df und ist vor allem sicherer.<\/p>\n<p><span style=\"color: #cc0000;\"><strong>Sprintech\u00ae City <\/strong><\/span>wurde seit seinem Deb\u00fct am Innovationswettbewerb in der Schweiz 1996 ausgezeichnet und hat mit <span style=\"color: #cc0000;\"><strong>Sprintech\u00ae Racing <\/strong><\/span>die sto\u00dffeste Kunststoffschale und die reflektierende Oberfl\u00e4che aus 9 Chromschichten gemeinsam.<\/p>\n<p>Durch das Befestigungssystem, das aus dem gleichen Material wie die Schale besteht und mit einem Schraubendreher befestigt werden kann, bleibt die Breite des Lenkers praktisch unver\u00e4ndert.<br \/>Dadurch wird vermieden, da\u00df Zentimeter seitliche Belastung entstehen, die den Verkehr st\u00f6ren und gef\u00e4hrlich sein k\u00f6nnen.<\/p>\n","protected":false},"excerpt":{"rendered":"<p>Das Fahrrad wird von Millionen Leuten auf der ganzen Welt geliebt, aber dank der Sprintech\u00ae-R\u00fcckspiegel macht Radfahren mit der Familie, [&hellip;]<\/p>\n","protected":false},"featured_media":9089,"template":"","meta":{"site-sidebar-layout":"default","site-content-layout":"","ast-site-content-layout":"default","site-content-style":"default","site-sidebar-style":"default","ast-global-header-display":"","ast-banner-title-visibility":"","ast-main-header-display":"","ast-hfb-above-header-display":"","ast-hfb-below-header-display":"","ast-hfb-mobile-header-display":"","site-post-title":"","ast-breadcrumbs-content":"","ast-featured-img":"","footer-sml-layout":"","ast-disable-related-posts":"","theme-transparent-header-meta":"default","adv-header-id-meta":"","stick-header-meta":"default","header-above-stick-meta":"","header-main-stick-meta":"","header-below-stick-meta":"","astra-migrate-meta-layouts":"einstellen.","ast-page-background-enabled":"default","ast-page-background-meta":{"desktop":{"background-color":"var(--ast-global-color-4)","background-image":"","background-repeat":"repeat","background-position":"center center","background-size":"auto","background-attachment":"scroll","background-type":"","background-media":"","overlay-type":"","overlay-color":"","overlay-opacity":"","overlay-gradient":""},"tablet":{"background-color":"","background-image":"","background-repeat":"repeat","background-position":"center center","background-size":"auto","background-attachment":"scroll","background-type":"","background-media":"","overlay-type":"","overlay-color":"","overlay-opacity":"","overlay-gradient":""},"mobile":{"background-color":"","background-image":"","background-repeat":"repeat","background-position":"center center","background-size":"auto","background-attachment":"scroll","background-type":"","background-media":"","overlay-type":"","overlay-color":"","overlay-opacity":"","overlay-gradient":""}},"ast-content-background-meta":{"desktop":{"background-color":"var(--ast-global-color-5)","background-image":"","background-repeat":"repeat","background-position":"center center","background-size":"auto","background-attachment":"scroll","background-type":"","background-media":"","overlay-type":"","overlay-color":"","overlay-opacity":"","overlay-gradient":""},"tablet":{"background-color":"var(--ast-global-color-5)","background-image":"","background-repeat":"repeat","background-position":"center center","background-size":"auto","background-attachment":"scroll","background-type":"","background-media":"","overlay-type":"","overlay-color":"","overlay-opacity":"","overlay-gradient":""},"mobile":{"background-color":"var(--ast-global-color-5)","background-image":"","background-repeat":"repeat","background-position":"center center","background-size":"auto","background-attachment":"scroll","background-type":"","background-media":"","overlay-type":"","overlay-color":"","overlay-opacity":"","overlay-gradient":""}}},"product_brand":[],"product_cat":[292],"product_tag":[],"class_list":{"0":"post-9201","1":"product","2":"type-product","3":"status-publish","4":"has-post-thumbnail","6":"product_cat-ruckspiegel","7":"desktop-align-left","8":"tablet-align-left","9":"mobile-align-left","10":"ast-product-gallery-layout-vertical-slider","11":"ast-magnify-disabled","12":"ast-product-single-variable","13":"ast-product-tabs-layout-vertical","15":"first","16":"instock","17":"shipping-taxable","18":"purchasable","19":"product-type-variable"},"_links":{"self":[{"href":"https:\/\/www.sprintech.eu\/de\/wp-json\/wp\/v2\/product\/9201","targetHints":{"allow":["GET"]}}],"collection":[{"href":"https:\/\/www.sprintech.eu\/de\/wp-json\/wp\/v2\/product"}],"about":[{"href":"https:\/\/www.sprintech.eu\/de\/wp-json\/wp\/v2\/types\/product"}],"wp:featuredmedia":[{"embeddable":true,"href":"https:\/\/www.sprintech.eu\/de\/wp-json\/wp\/v2\/media\/9089"}],"wp:attachment":[{"href":"https:\/\/www.sprintech.eu\/de\/wp-json\/wp\/v2\/media?parent=9201"}],"wp:term":[{"taxonomy":"product_brand","embeddable":true,"href":"https:\/\/www.sprintech.eu\/de\/wp-json\/wp\/v2\/product_brand?post=9201"},{"taxonomy":"product_cat","embeddable":true,"href":"https:\/\/www.sprintech.eu\/de\/wp-json\/wp\/v2\/product_cat?post=9201"},{"taxonomy":"product_tag","embeddable":true,"href":"https:\/\/www.sprintech.eu\/de\/wp-json\/wp\/v2\/product_tag?post=9201"}],"curies":[{"name":"wp","href":"https:\/\/api.w.org\/{rel}","templated":true}]}}