{"id":9179,"date":"2024-11-16T16:24:38","date_gmt":"2024-11-16T15:24:38","guid":{"rendered":"https:\/\/www.sprintech.eu\/produkte\/sprintech-racing-xl\/"},"modified":"2025-11-25T11:21:42","modified_gmt":"2025-11-25T10:21:42","slug":"sprintech-racing-xl","status":"publish","type":"page","link":"https:\/\/www.sprintech.eu\/de\/produkte\/sprintech-racing-xl\/","title":{"rendered":"Sprintech Racing XL"},"content":{"rendered":"\t\t<div data-elementor-type=\"wp-page\" data-elementor-id=\"9179\" class=\"elementor elementor-9179 elementor-7626\" data-elementor-post-type=\"page\">\n\t\t\t\t<div class=\"elementor-element elementor-element-bbe193b e-flex e-con-boxed e-con e-parent\" data-id=\"bbe193b\" data-element_type=\"container\" data-settings=\"{&quot;background_background&quot;:&quot;classic&quot;}\">\n\t\t\t\t\t<div class=\"e-con-inner\">\n\t\t<div class=\"elementor-element elementor-element-25e44e8 e-con-full e-flex e-con e-child\" data-id=\"25e44e8\" data-element_type=\"container\">\n\t\t\t\t<div class=\"elementor-element elementor-element-1c0f890 elementor-widget elementor-widget-heading\" data-id=\"1c0f890\" data-element_type=\"widget\" data-widget_type=\"heading.default\">\n\t\t\t\t<div class=\"elementor-widget-container\">\n\t\t\t\t\t<h1 class=\"elementor-heading-title elementor-size-default\">Sprintech <span style=\"color:white\">Racing XL<\/span><\/h1>\t\t\t\t<\/div>\n\t\t\t\t<\/div>\n\t\t\t\t<\/div>\n\t\t\t\t\t<\/div>\n\t\t\t\t<\/div>\n\t\t<div class=\"elementor-element elementor-element-e97ebe6 e-flex e-con-boxed e-con e-parent\" data-id=\"e97ebe6\" data-element_type=\"container\">\n\t\t\t\t\t<div class=\"e-con-inner\">\n\t\t<div class=\"elementor-element elementor-element-996dd9c e-con-full e-flex e-con e-child\" data-id=\"996dd9c\" data-element_type=\"container\">\n\t\t\t\t<div class=\"elementor-element elementor-element-a6e3c7a elementor-widget elementor-widget-image\" data-id=\"a6e3c7a\" data-element_type=\"widget\" data-widget_type=\"image.default\">\n\t\t\t\t<div class=\"elementor-widget-container\">\n\t\t\t\t\t\t\t\t\t\t\t\t\t\t\t<img decoding=\"async\" src=\"https:\/\/www.sprintech.eu\/wp-content\/uploads\/elementor\/thumbs\/sprintech-racing-xl-gallery-1-pgu45wumpyjo7ls9wxwgykvbyje7rwd281plgjncd4.jpg\" title=\"Sprintech Racing XL\" alt=\"sprintech-racing-xl-gallery\" loading=\"lazy\" \/>\t\t\t\t\t\t\t\t\t\t\t\t\t\t\t<\/div>\n\t\t\t\t<\/div>\n\t\t\t\t<\/div>\n\t\t<div class=\"elementor-element elementor-element-504cc0d e-con-full e-flex e-con e-child\" data-id=\"504cc0d\" data-element_type=\"container\">\n\t\t\t\t<div class=\"elementor-element elementor-element-6565b12 elementor-widget elementor-widget-heading\" data-id=\"6565b12\" data-element_type=\"widget\" data-widget_type=\"heading.default\">\n\t\t\t\t<div class=\"elementor-widget-container\">\n\t\t\t\t\t<h2 class=\"elementor-heading-title elementor-size-default\"><span style=\"color:#cc0000\">Sprintech<\/span> Racing XL<\/h2>\t\t\t\t<\/div>\n\t\t\t\t<\/div>\n\t\t\t\t<div class=\"elementor-element elementor-element-01d64c6 elementor-widget elementor-widget-text-editor\" data-id=\"01d64c6\" data-element_type=\"widget\" data-widget_type=\"text-editor.default\">\n\t\t\t\t<div class=\"elementor-widget-container\">\n\t\t\t\t\t\t\t\t\t<p>25 Jahre nach der Einf\u00fchrung von <span style=\"color: #cc0000;\"><strong><span style=\"color: #cc0000;\">Sprintech\u00ae Racing<\/span><\/strong><\/span>, was zu Beginn des Innovations-Wettbewerbs in Martigny (Schweiz) 1996 mit einem Preis ausgezeichnet wurde, nimmt Sprintech\u00ae Racing XL das charakteristische Design auf und pa\u00dft es den Anforderungen einer breiteren Anwendung in der vielf\u00e4ltigen Welt des sportlichen, innerst\u00e4dtischen und touristischen Radsports an.<\/p><p>Immer noch stellt es die ideale Fortsetzung eines Rennradlenkers dar: dank seiner gr\u00f6\u00dferen Ausmasse ben\u00f6tigt er eine kleinere Konvexit\u00e4t, um ein gleichgro\u00dfes Blickfeld zu erm\u00f6glichen und die hinter einem liegenden Objekte in realit\u00e4tsn\u00e4heren Dimensionen zu zeigen: seine Spiegeloberfl\u00e4che von 29 cm2 ist mit splitterfestem geh\u00e4rtetem Glas verkleidet.<\/p><p>Das Geh\u00e4use ist aus sto\u00dffestem Plastikmaterial, damit das Gewicht 33 Gramm nicht \u00fcberschreitet und ist sowohl an der rechten wie linken Lenkerseite montierbar anhand der bekannten Gummikappen <span style=\"color: #cc0000;\"><strong>Sprintech\u00ae<\/strong><\/span>. Dadurch ist er kontinuierlich komplett regulierbar &#8211; &#8211; unbeeinflu\u00dft von Vibrationen, auch wenn man besonders holprige Strecken bef\u00e4hrt. <\/p>\t\t\t\t\t\t\t\t<\/div>\n\t\t\t\t<\/div>\n\t\t\t\t<div class=\"elementor-element elementor-element-d3c6296 elementor-widget elementor-widget-button\" data-id=\"d3c6296\" data-element_type=\"widget\" data-widget_type=\"button.default\">\n\t\t\t\t<div class=\"elementor-widget-container\">\n\t\t\t\t\t\t\t\t\t<div class=\"elementor-button-wrapper\">\n\t\t\t\t\t<a class=\"elementor-button elementor-button-link elementor-size-sm\" href=\"https:\/\/www.sprintech.eu\/de\/prodotto\/sprintech-racing-xl\/\">\n\t\t\t\t\t\t<span class=\"elementor-button-content-wrapper\">\n\t\t\t\t\t\t\t\t\t<span class=\"elementor-button-text\">JETZT KAUFEN<\/span>\n\t\t\t\t\t<\/span>\n\t\t\t\t\t<\/a>\n\t\t\t\t<\/div>\n\t\t\t\t\t\t\t\t<\/div>\n\t\t\t\t<\/div>\n\t\t\t\t<\/div>\n\t\t\t\t\t<\/div>\n\t\t\t\t<\/div>\n\t\t<div class=\"elementor-element elementor-element-cac13bd e-flex e-con-boxed e-con e-parent\" data-id=\"cac13bd\" data-element_type=\"container\">\n\t\t\t\t\t<div class=\"e-con-inner\">\n\t\t<div class=\"elementor-element elementor-element-4c693da e-con-full e-flex e-con e-child\" data-id=\"4c693da\" data-element_type=\"container\">\n\t\t\t\t<div class=\"elementor-element elementor-element-50d093a elementor-widget elementor-widget-heading\" data-id=\"50d093a\" data-element_type=\"widget\" data-widget_type=\"heading.default\">\n\t\t\t\t<div class=\"elementor-widget-container\">\n\t\t\t\t\t<h2 class=\"elementor-heading-title elementor-size-default\"><font color=\"#cc0000\">Technisches<\/font> Datenblatt<\/h2>\t\t\t\t<\/div>\n\t\t\t\t<\/div>\n\t\t\t\t<div class=\"elementor-element elementor-element-286ff06 elementor-icon-list--layout-traditional elementor-list-item-link-full_width elementor-widget elementor-widget-icon-list\" data-id=\"286ff06\" data-element_type=\"widget\" data-widget_type=\"icon-list.default\">\n\t\t\t\t<div class=\"elementor-widget-container\">\n\t\t\t\t\t\t\t<ul class=\"elementor-icon-list-items\">\n\t\t\t\t\t\t\t<li class=\"elementor-icon-list-item\">\n\t\t\t\t\t\t\t\t\t\t\t<span class=\"elementor-icon-list-icon\">\n\t\t\t\t\t\t\t<svg aria-hidden=\"true\" class=\"e-font-icon-svg e-fas-map-marker-alt\" viewBox=\"0 0 384 512\" xmlns=\"http:\/\/www.w3.org\/2000\/svg\"><path d=\"M172.268 501.67C26.97 291.031 0 269.413 0 192 0 85.961 85.961 0 192 0s192 85.961 192 192c0 77.413-26.97 99.031-172.268 309.67-9.535 13.774-29.93 13.773-39.464 0zM192 272c44.183 0 80-35.817 80-80s-35.817-80-80-80-80 35.817-80 80 35.817 80 80 80z\"><\/path><\/svg>\t\t\t\t\t\t<\/span>\n\t\t\t\t\t\t\t\t\t\t<span class=\"elementor-icon-list-text\">Schweizer Produkt<\/span>\n\t\t\t\t\t\t\t\t\t<\/li>\n\t\t\t\t\t\t\t\t<li class=\"elementor-icon-list-item\">\n\t\t\t\t\t\t\t\t\t\t\t<span class=\"elementor-icon-list-icon\">\n\t\t\t\t\t\t\t<svg aria-hidden=\"true\" class=\"e-font-icon-svg e-fas-tools\" viewBox=\"0 0 512 512\" xmlns=\"http:\/\/www.w3.org\/2000\/svg\"><path d=\"M501.1 395.7L384 278.6c-23.1-23.1-57.6-27.6-85.4-13.9L192 158.1V96L64 0 0 64l96 128h62.1l106.6 106.6c-13.6 27.8-9.2 62.3 13.9 85.4l117.1 117.1c14.6 14.6 38.2 14.6 52.7 0l52.7-52.7c14.5-14.6 14.5-38.2 0-52.7zM331.7 225c28.3 0 54.9 11 74.9 31l19.4 19.4c15.8-6.9 30.8-16.5 43.8-29.5 37.1-37.1 49.7-89.3 37.9-136.7-2.2-9-13.5-12.1-20.1-5.5l-74.4 74.4-67.9-11.3L334 98.9l74.4-74.4c6.6-6.6 3.4-17.9-5.7-20.2-47.4-11.7-99.6.9-136.6 37.9-28.5 28.5-41.9 66.1-41.2 103.6l82.1 82.1c8.1-1.9 16.5-2.9 24.7-2.9zm-103.9 82l-56.7-56.7L18.7 402.8c-25 25-25 65.5 0 90.5s65.5 25 90.5 0l123.6-123.6c-7.6-19.9-9.9-41.6-5-62.7zM64 472c-13.2 0-24-10.8-24-24 0-13.3 10.7-24 24-24s24 10.7 24 24c0 13.2-10.7 24-24 24z\"><\/path><\/svg>\t\t\t\t\t\t<\/span>\n\t\t\t\t\t\t\t\t\t\t<span class=\"elementor-icon-list-text\">Einfach zu montieren<\/span>\n\t\t\t\t\t\t\t\t\t<\/li>\n\t\t\t\t\t\t\t\t<li class=\"elementor-icon-list-item\">\n\t\t\t\t\t\t\t\t\t\t\t<span class=\"elementor-icon-list-icon\">\n\t\t\t\t\t\t\t<svg aria-hidden=\"true\" class=\"e-font-icon-svg e-fas-cog\" viewBox=\"0 0 512 512\" xmlns=\"http:\/\/www.w3.org\/2000\/svg\"><path d=\"M487.4 315.7l-42.6-24.6c4.3-23.2 4.3-47 0-70.2l42.6-24.6c4.9-2.8 7.1-8.6 5.5-14-11.1-35.6-30-67.8-54.7-94.6-3.8-4.1-10-5.1-14.8-2.3L380.8 110c-17.9-15.4-38.5-27.3-60.8-35.1V25.8c0-5.6-3.9-10.5-9.4-11.7-36.7-8.2-74.3-7.8-109.2 0-5.5 1.2-9.4 6.1-9.4 11.7V75c-22.2 7.9-42.8 19.8-60.8 35.1L88.7 85.5c-4.9-2.8-11-1.9-14.8 2.3-24.7 26.7-43.6 58.9-54.7 94.6-1.7 5.4.6 11.2 5.5 14L67.3 221c-4.3 23.2-4.3 47 0 70.2l-42.6 24.6c-4.9 2.8-7.1 8.6-5.5 14 11.1 35.6 30 67.8 54.7 94.6 3.8 4.1 10 5.1 14.8 2.3l42.6-24.6c17.9 15.4 38.5 27.3 60.8 35.1v49.2c0 5.6 3.9 10.5 9.4 11.7 36.7 8.2 74.3 7.8 109.2 0 5.5-1.2 9.4-6.1 9.4-11.7v-49.2c22.2-7.9 42.8-19.8 60.8-35.1l42.6 24.6c4.9 2.8 11 1.9 14.8-2.3 24.7-26.7 43.6-58.9 54.7-94.6 1.5-5.5-.7-11.3-5.6-14.1zM256 336c-44.1 0-80-35.9-80-80s35.9-80 80-80 80 35.9 80 80-35.9 80-80 80z\"><\/path><\/svg>\t\t\t\t\t\t<\/span>\n\t\t\t\t\t\t\t\t\t\t<span class=\"elementor-icon-list-text\">Einfach zu regulieren<\/span>\n\t\t\t\t\t\t\t\t\t<\/li>\n\t\t\t\t\t\t<\/ul>\n\t\t\t\t\t\t<\/div>\n\t\t\t\t<\/div>\n\t\t\t\t<div class=\"elementor-element elementor-element-f7bb431 elementor-widget elementor-widget-text-editor\" data-id=\"f7bb431\" data-element_type=\"widget\" data-widget_type=\"text-editor.default\">\n\t\t\t\t<div class=\"elementor-widget-container\">\n\t\t\t\t\t\t\t\t\t<p>Regulierbare R\u00fcckspiegel f\u00fcr Rennfahrrad<\/p>\t\t\t\t\t\t\t\t<\/div>\n\t\t\t\t<\/div>\n\t\t\t\t<div class=\"elementor-element elementor-element-ed99506 elementor-widget elementor-widget-button\" data-id=\"ed99506\" data-element_type=\"widget\" data-widget_type=\"button.default\">\n\t\t\t\t<div class=\"elementor-widget-container\">\n\t\t\t\t\t\t\t\t\t<div class=\"elementor-button-wrapper\">\n\t\t\t\t\t<a class=\"elementor-button elementor-button-link elementor-size-sm\" href=\"https:\/\/www.sprintech.eu\/wp-content\/uploads\/2025\/11\/Technisches-Datenblatt-ohne-Preise-ok-5-Produkte.pdf\" target=\"_blank\">\n\t\t\t\t\t\t<span class=\"elementor-button-content-wrapper\">\n\t\t\t\t\t\t\t\t\t<span class=\"elementor-button-text\">Technisches Datenblatt herunterladen<\/span>\n\t\t\t\t\t<\/span>\n\t\t\t\t\t<\/a>\n\t\t\t\t<\/div>\n\t\t\t\t\t\t\t\t<\/div>\n\t\t\t\t<\/div>\n\t\t\t\t<\/div>\n\t\t<div class=\"elementor-element elementor-element-0e72302 e-con-full e-flex e-con e-child\" data-id=\"0e72302\" data-element_type=\"container\">\n\t\t\t\t<div class=\"elementor-element elementor-element-27e69b8 elementor-widget elementor-widget-heading\" data-id=\"27e69b8\" data-element_type=\"widget\" data-widget_type=\"heading.default\">\n\t\t\t\t<div class=\"elementor-widget-container\">\n\t\t\t\t\t<h2 class=\"elementor-heading-title elementor-size-default\">Montage von <font color=\"#cc0000\">Sprintech Racing XL<\/font><\/h2>\t\t\t\t<\/div>\n\t\t\t\t<\/div>\n\t\t\t\t<div class=\"elementor-element elementor-element-6607509 elementor-widget elementor-widget-image\" data-id=\"6607509\" data-element_type=\"widget\" data-widget_type=\"image.default\">\n\t\t\t\t<div class=\"elementor-widget-container\">\n\t\t\t\t\t\t\t\t\t\t\t\t\t\t\t<img fetchpriority=\"high\" decoding=\"async\" width=\"768\" height=\"512\" src=\"https:\/\/www.sprintech.eu\/wp-content\/uploads\/2021\/11\/assembly-sprintech-racing-xl-768x512.jpg\" class=\"attachment-medium_large size-medium_large wp-image-9171\" alt=\"assembly-sprintech-racing-xl\" srcset=\"https:\/\/www.sprintech.eu\/wp-content\/uploads\/2021\/11\/assembly-sprintech-racing-xl-768x512.jpg 768w, https:\/\/www.sprintech.eu\/wp-content\/uploads\/2021\/11\/assembly-sprintech-racing-xl-1200x800.jpg 1200w, https:\/\/www.sprintech.eu\/wp-content\/uploads\/2021\/11\/assembly-sprintech-racing-xl-300x200.jpg 300w, https:\/\/www.sprintech.eu\/wp-content\/uploads\/2021\/11\/assembly-sprintech-racing-xl-1030x687.jpg 1030w, https:\/\/www.sprintech.eu\/wp-content\/uploads\/2021\/11\/assembly-sprintech-racing-xl-705x470.jpg 705w, https:\/\/www.sprintech.eu\/wp-content\/uploads\/2021\/11\/assembly-sprintech-racing-xl.jpg 1500w\" sizes=\"(max-width: 768px) 100vw, 768px\" \/>\t\t\t\t\t\t\t\t\t\t\t\t\t\t\t<\/div>\n\t\t\t\t<\/div>\n\t\t\t\t<\/div>\n\t\t\t\t\t<\/div>\n\t\t\t\t<\/div>\n\t\t<div class=\"elementor-element elementor-element-f791686 e-con-full e-flex e-con e-parent\" data-id=\"f791686\" data-element_type=\"container\">\n\t\t\t\t<div class=\"elementor-element elementor-element-cee3c2f elementor-widget elementor-widget-heading\" data-id=\"cee3c2f\" data-element_type=\"widget\" data-widget_type=\"heading.default\">\n\t\t\t\t<div class=\"elementor-widget-container\">\n\t\t\t\t\t<h2 class=\"elementor-heading-title elementor-size-default\">Fotogalerie von <font color=\"#cc0000\">Sprintech Racing XL<\/font><\/h2>\t\t\t\t<\/div>\n\t\t\t\t<\/div>\n\t\t\t\t<div class=\"elementor-element elementor-element-08532c6 elementor-widget elementor-widget-gallery\" data-id=\"08532c6\" data-element_type=\"widget\" data-settings=\"{&quot;aspect_ratio&quot;:&quot;1:1&quot;,&quot;lazyload&quot;:&quot;yes&quot;,&quot;gallery_layout&quot;:&quot;grid&quot;,&quot;columns&quot;:4,&quot;columns_tablet&quot;:2,&quot;columns_mobile&quot;:1,&quot;gap&quot;:{&quot;unit&quot;:&quot;px&quot;,&quot;size&quot;:10,&quot;sizes&quot;:[]},&quot;gap_tablet&quot;:{&quot;unit&quot;:&quot;px&quot;,&quot;size&quot;:10,&quot;sizes&quot;:[]},&quot;gap_mobile&quot;:{&quot;unit&quot;:&quot;px&quot;,&quot;size&quot;:10,&quot;sizes&quot;:[]},&quot;link_to&quot;:&quot;file&quot;,&quot;overlay_background&quot;:&quot;yes&quot;,&quot;content_hover_animation&quot;:&quot;fade-in&quot;}\" data-widget_type=\"gallery.default\">\n\t\t\t\t<div class=\"elementor-widget-container\">\n\t\t\t\t\t\t\t<div class=\"elementor-gallery__container\">\n\t\t\t\t\t\t\t<a class=\"e-gallery-item elementor-gallery-item elementor-animated-content\" href=\"https:\/\/www.sprintech.eu\/wp-content\/uploads\/2024\/11\/MLX3376-LR.jpg\" data-elementor-open-lightbox=\"yes\" data-elementor-lightbox-slideshow=\"08532c6\" data-e-action-hash=\"#elementor-action%3Aaction%3Dlightbox%26settings%3DeyJpZCI6OTE3MiwidXJsIjoiaHR0cHM6XC9cL3d3dy5zcHJpbnRlY2guZXVcL3dwLWNvbnRlbnRcL3VwbG9hZHNcLzIwMjRcLzExXC9NTFgzMzc2LUxSLmpwZyIsInNsaWRlc2hvdyI6IjA4NTMyYzYifQ%3D%3D\">\n\t\t\t\t\t<div class=\"e-gallery-image elementor-gallery-item__image\" data-thumbnail=\"https:\/\/www.sprintech.eu\/wp-content\/uploads\/2024\/11\/MLX3376-LR-768x512.jpg\" data-width=\"768\" data-height=\"512\" aria-label=\"\" role=\"img\" ><\/div>\n\t\t\t\t\t\t\t\t\t\t\t<div class=\"elementor-gallery-item__overlay\"><\/div>\n\t\t\t\t\t\t\t\t\t\t\t\t\t\t<\/a>\n\t\t\t\t\t\t\t<a class=\"e-gallery-item elementor-gallery-item elementor-animated-content\" href=\"https:\/\/www.sprintech.eu\/wp-content\/uploads\/2021\/11\/sprintech-racing-xl-gallery-1.jpg\" data-elementor-open-lightbox=\"yes\" data-elementor-lightbox-slideshow=\"08532c6\" data-e-action-hash=\"#elementor-action%3Aaction%3Dlightbox%26settings%3DeyJpZCI6ODk5NiwidXJsIjoiaHR0cHM6XC9cL3d3dy5zcHJpbnRlY2guZXVcL3dwLWNvbnRlbnRcL3VwbG9hZHNcLzIwMjFcLzExXC9zcHJpbnRlY2gtcmFjaW5nLXhsLWdhbGxlcnktMS5qcGciLCJzbGlkZXNob3ciOiIwODUzMmM2In0%3D\">\n\t\t\t\t\t<div class=\"e-gallery-image elementor-gallery-item__image\" data-thumbnail=\"https:\/\/www.sprintech.eu\/wp-content\/uploads\/2021\/11\/sprintech-racing-xl-gallery-1-768x512.jpg\" data-width=\"768\" data-height=\"512\" aria-label=\"sprintech-racing-xl-gallery\" role=\"img\" ><\/div>\n\t\t\t\t\t\t\t\t\t\t\t<div class=\"elementor-gallery-item__overlay\"><\/div>\n\t\t\t\t\t\t\t\t\t\t\t\t\t\t<\/a>\n\t\t\t\t\t\t\t<a class=\"e-gallery-item elementor-gallery-item elementor-animated-content\" href=\"https:\/\/www.sprintech.eu\/wp-content\/uploads\/2024\/11\/MLX3355-LR_cielo.jpg\" data-elementor-open-lightbox=\"yes\" data-elementor-lightbox-slideshow=\"08532c6\" data-e-action-hash=\"#elementor-action%3Aaction%3Dlightbox%26settings%3DeyJpZCI6OTE3MywidXJsIjoiaHR0cHM6XC9cL3d3dy5zcHJpbnRlY2guZXVcL3dwLWNvbnRlbnRcL3VwbG9hZHNcLzIwMjRcLzExXC9NTFgzMzU1LUxSX2NpZWxvLmpwZyIsInNsaWRlc2hvdyI6IjA4NTMyYzYifQ%3D%3D\">\n\t\t\t\t\t<div class=\"e-gallery-image elementor-gallery-item__image\" data-thumbnail=\"https:\/\/www.sprintech.eu\/wp-content\/uploads\/2024\/11\/MLX3355-LR_cielo-768x1152.jpg\" data-width=\"768\" data-height=\"1152\" aria-label=\"\" role=\"img\" ><\/div>\n\t\t\t\t\t\t\t\t\t\t\t<div class=\"elementor-gallery-item__overlay\"><\/div>\n\t\t\t\t\t\t\t\t\t\t\t\t\t\t<\/a>\n\t\t\t\t\t\t\t<a class=\"e-gallery-item elementor-gallery-item elementor-animated-content\" href=\"https:\/\/www.sprintech.eu\/wp-content\/uploads\/2024\/12\/Racing-XL-background-white.jpg\" data-elementor-open-lightbox=\"yes\" data-elementor-lightbox-slideshow=\"08532c6\" data-e-action-hash=\"#elementor-action%3Aaction%3Dlightbox%26settings%3DeyJpZCI6OTE3NCwidXJsIjoiaHR0cHM6XC9cL3d3dy5zcHJpbnRlY2guZXVcL3dwLWNvbnRlbnRcL3VwbG9hZHNcLzIwMjRcLzEyXC9SYWNpbmctWEwtYmFja2dyb3VuZC13aGl0ZS5qcGciLCJzbGlkZXNob3ciOiIwODUzMmM2In0%3D\">\n\t\t\t\t\t<div class=\"e-gallery-image elementor-gallery-item__image\" data-thumbnail=\"https:\/\/www.sprintech.eu\/wp-content\/uploads\/2024\/12\/Racing-XL-background-white-768x1152.jpg\" data-width=\"768\" data-height=\"1152\" aria-label=\"\" role=\"img\" ><\/div>\n\t\t\t\t\t\t\t\t\t\t\t<div class=\"elementor-gallery-item__overlay\"><\/div>\n\t\t\t\t\t\t\t\t\t\t\t\t\t\t<\/a>\n\t\t\t\t\t<\/div>\n\t\t\t\t\t<\/div>\n\t\t\t\t<\/div>\n\t\t\t\t<\/div>\n\t\t\t\t<\/div>\n\t\t","protected":false},"excerpt":{"rendered":"<p>Sprintech Racing XL Sprintech Racing XL 25 Jahre nach der Einf\u00fchrung von Sprintech\u00ae Racing, was zu Beginn des Innovations-Wettbewerbs in [&hellip;]<\/p>\n","protected":false},"author":1,"featured_media":0,"parent":9086,"menu_order":0,"comment_status":"closed","ping_status":"closed","template":"","meta":{"site-sidebar-layout":"no-sidebar","site-content-layout":"","ast-site-content-layout":"full-width-container","site-content-style":"default","site-sidebar-style":"default","ast-global-header-display":"","ast-banner-title-visibility":"","ast-main-header-display":"","ast-hfb-above-header-display":"","ast-hfb-below-header-display":"","ast-hfb-mobile-header-display":"","site-post-title":"disabled","ast-breadcrumbs-content":"","ast-featured-img":"disabled","footer-sml-layout":"","ast-disable-related-posts":"","theme-transparent-header-meta":"default","adv-header-id-meta":"","stick-header-meta":"default","header-above-stick-meta":"","header-main-stick-meta":"","header-below-stick-meta":"","astra-migrate-meta-layouts":"einstellen.","ast-page-background-enabled":"default","ast-page-background-meta":{"desktop":{"background-color":"var(--ast-global-color-4)","background-image":"","background-repeat":"repeat","background-position":"center center","background-size":"auto","background-attachment":"scroll","background-type":"","background-media":"","overlay-type":"","overlay-color":"","overlay-opacity":"","overlay-gradient":""},"tablet":{"background-color":"","background-image":"","background-repeat":"repeat","background-position":"center center","background-size":"auto","background-attachment":"scroll","background-type":"","background-media":"","overlay-type":"","overlay-color":"","overlay-opacity":"","overlay-gradient":""},"mobile":{"background-color":"","background-image":"","background-repeat":"repeat","background-position":"center center","background-size":"auto","background-attachment":"scroll","background-type":"","background-media":"","overlay-type":"","overlay-color":"","overlay-opacity":"","overlay-gradient":""}},"ast-content-background-meta":{"desktop":{"background-color":"var(--ast-global-color-5)","background-image":"","background-repeat":"repeat","background-position":"center center","background-size":"auto","background-attachment":"scroll","background-type":"","background-media":"","overlay-type":"","overlay-color":"","overlay-opacity":"","overlay-gradient":""},"tablet":{"background-color":"var(--ast-global-color-5)","background-image":"","background-repeat":"repeat","background-position":"center center","background-size":"auto","background-attachment":"scroll","background-type":"","background-media":"","overlay-type":"","overlay-color":"","overlay-opacity":"","overlay-gradient":""},"mobile":{"background-color":"var(--ast-global-color-5)","background-image":"","background-repeat":"repeat","background-position":"center center","background-size":"auto","background-attachment":"scroll","background-type":"","background-media":"","overlay-type":"","overlay-color":"","overlay-opacity":"","overlay-gradient":""}},"footnotes":""},"class_list":["post-9179","page","type-page","status-publish","hentry"],"_links":{"self":[{"href":"https:\/\/www.sprintech.eu\/de\/wp-json\/wp\/v2\/pages\/9179","targetHints":{"allow":["GET"]}}],"collection":[{"href":"https:\/\/www.sprintech.eu\/de\/wp-json\/wp\/v2\/pages"}],"about":[{"href":"https:\/\/www.sprintech.eu\/de\/wp-json\/wp\/v2\/types\/page"}],"author":[{"embeddable":true,"href":"https:\/\/www.sprintech.eu\/de\/wp-json\/wp\/v2\/users\/1"}],"replies":[{"embeddable":true,"href":"https:\/\/www.sprintech.eu\/de\/wp-json\/wp\/v2\/comments?post=9179"}],"version-history":[{"count":8,"href":"https:\/\/www.sprintech.eu\/de\/wp-json\/wp\/v2\/pages\/9179\/revisions"}],"predecessor-version":[{"id":9300,"href":"https:\/\/www.sprintech.eu\/de\/wp-json\/wp\/v2\/pages\/9179\/revisions\/9300"}],"up":[{"embeddable":true,"href":"https:\/\/www.sprintech.eu\/de\/wp-json\/wp\/v2\/pages\/9086"}],"wp:attachment":[{"href":"https:\/\/www.sprintech.eu\/de\/wp-json\/wp\/v2\/media?parent=9179"}],"curies":[{"name":"wp","href":"https:\/\/api.w.org\/{rel}","templated":true}]}}