{"id":9103,"date":"2024-11-16T16:24:59","date_gmt":"2024-11-16T15:24:59","guid":{"rendered":"https:\/\/www.sprintech.eu\/produkte\/sprintech-city\/"},"modified":"2025-11-25T11:20:24","modified_gmt":"2025-11-25T10:20:24","slug":"sprintech-city","status":"publish","type":"page","link":"https:\/\/www.sprintech.eu\/de\/produkte\/sprintech-city\/","title":{"rendered":"Sprintech City"},"content":{"rendered":"\t\t<div data-elementor-type=\"wp-page\" data-elementor-id=\"9103\" class=\"elementor elementor-9103 elementor-7625\" data-elementor-post-type=\"page\">\n\t\t\t\t<div class=\"elementor-element elementor-element-9233118 e-flex e-con-boxed e-con e-parent\" data-id=\"9233118\" data-element_type=\"container\" data-settings=\"{&quot;background_background&quot;:&quot;classic&quot;}\">\n\t\t\t\t\t<div class=\"e-con-inner\">\n\t\t<div class=\"elementor-element elementor-element-0db5547 e-con-full e-flex e-con e-child\" data-id=\"0db5547\" data-element_type=\"container\">\n\t\t\t\t<div class=\"elementor-element elementor-element-9627821 elementor-widget elementor-widget-heading\" data-id=\"9627821\" data-element_type=\"widget\" data-widget_type=\"heading.default\">\n\t\t\t\t<div class=\"elementor-widget-container\">\n\t\t\t\t\t<h1 class=\"elementor-heading-title elementor-size-default\">Sprintech City<\/h1>\t\t\t\t<\/div>\n\t\t\t\t<\/div>\n\t\t\t\t<\/div>\n\t\t\t\t\t<\/div>\n\t\t\t\t<\/div>\n\t\t<div class=\"elementor-element elementor-element-9cec361 e-flex e-con-boxed e-con e-parent\" data-id=\"9cec361\" data-element_type=\"container\">\n\t\t\t\t\t<div class=\"e-con-inner\">\n\t\t<div class=\"elementor-element elementor-element-d3335ed e-con-full e-flex e-con e-child\" data-id=\"d3335ed\" data-element_type=\"container\">\n\t\t\t\t<div class=\"elementor-element elementor-element-f335cf7 elementor-widget elementor-widget-image\" data-id=\"f335cf7\" data-element_type=\"widget\" data-widget_type=\"image.default\">\n\t\t\t\t<div class=\"elementor-widget-container\">\n\t\t\t\t\t\t\t\t\t\t\t\t\t\t\t<img decoding=\"async\" src=\"https:\/\/www.sprintech.eu\/wp-content\/uploads\/elementor\/thumbs\/sprintech-city-gallery-5-qxpxt5rp5bvebomh8blefks7hdfo6onz2nziyxfeqg.jpg\" title=\"Sprintech City\" alt=\"sprintech-city-gallery-5\" loading=\"lazy\" \/>\t\t\t\t\t\t\t\t\t\t\t\t\t\t\t<\/div>\n\t\t\t\t<\/div>\n\t\t\t\t<\/div>\n\t\t<div class=\"elementor-element elementor-element-f1780fa e-con-full e-flex e-con e-child\" data-id=\"f1780fa\" data-element_type=\"container\">\n\t\t\t\t<div class=\"elementor-element elementor-element-0186fe0 elementor-widget elementor-widget-heading\" data-id=\"0186fe0\" data-element_type=\"widget\" data-widget_type=\"heading.default\">\n\t\t\t\t<div class=\"elementor-widget-container\">\n\t\t\t\t\t<h2 class=\"elementor-heading-title elementor-size-default\"><span style=\"color:#cc0000\">Sprintech<\/span> City<\/h2>\t\t\t\t<\/div>\n\t\t\t\t<\/div>\n\t\t\t\t<div class=\"elementor-element elementor-element-4d42d17 elementor-widget elementor-widget-text-editor\" data-id=\"4d42d17\" data-element_type=\"widget\" data-widget_type=\"text-editor.default\">\n\t\t\t\t<div class=\"elementor-widget-container\">\n\t\t\t\t\t\t\t\t\t<p>Das Fahrrad wird von Millionen Leuten auf der ganzen Welt geliebt, aber dank der <span style=\"color: #cc0000;\"><strong>Sprintech\u00ae<\/strong><\/span>-R\u00fcckspiegel macht Radfahren mit der Familie, Freunden oder sogar im Rennen noch mehr Spa\u00df und ist vor allem sicherer.<\/p><p><strong><span style=\"color: #cc0000;\">Sprintech\u00ae City<\/span> <\/strong>wurde seit seinem Deb\u00fct am Innovationswettbewerb in der Schweiz 1996 ausgezeichnet und hat mit <strong><span style=\"color: #cc0000;\">Sprintech\u00ae Racing <\/span><\/strong>die sto\u00dffeste Kunststoffschale und die reflektierende Oberfl\u00e4che aus 9 Chromschichten gemeinsam.<\/p><p>Durch das Befestigungssystem, das aus dem gleichen Material wie die Schale besteht und mit einem Schraubendreher befestigt werden kann, bleibt die Breite des Lenkers praktisch unver\u00e4ndert.<br \/>Dadurch wird vermieden, da\u00df Zentimeter seitliche Belastung entstehen, die den Verkehr st\u00f6ren und gef\u00e4hrlich sein k\u00f6nnen.<\/p>\t\t\t\t\t\t\t\t<\/div>\n\t\t\t\t<\/div>\n\t\t\t\t<div class=\"elementor-element elementor-element-d96a772 elementor-widget elementor-widget-button\" data-id=\"d96a772\" data-element_type=\"widget\" data-widget_type=\"button.default\">\n\t\t\t\t<div class=\"elementor-widget-container\">\n\t\t\t\t\t\t\t\t\t<div class=\"elementor-button-wrapper\">\n\t\t\t\t\t<a class=\"elementor-button elementor-button-link elementor-size-sm\" href=\"https:\/\/www.sprintech.eu\/de\/prodotto\/sprintech-city\/\">\n\t\t\t\t\t\t<span class=\"elementor-button-content-wrapper\">\n\t\t\t\t\t\t\t\t\t<span class=\"elementor-button-text\">JETZT KAUFEN<\/span>\n\t\t\t\t\t<\/span>\n\t\t\t\t\t<\/a>\n\t\t\t\t<\/div>\n\t\t\t\t\t\t\t\t<\/div>\n\t\t\t\t<\/div>\n\t\t\t\t<\/div>\n\t\t\t\t\t<\/div>\n\t\t\t\t<\/div>\n\t\t<div class=\"elementor-element elementor-element-6a37209 e-con-full e-flex e-con e-parent\" data-id=\"6a37209\" data-element_type=\"container\" data-settings=\"{&quot;background_background&quot;:&quot;classic&quot;}\">\n\t\t\t\t<div class=\"elementor-element elementor-element-1ac3fcf elementor-widget elementor-widget-video\" data-id=\"1ac3fcf\" data-element_type=\"widget\" data-settings=\"{&quot;video_type&quot;:&quot;hosted&quot;,&quot;autoplay&quot;:&quot;yes&quot;,&quot;play_on_mobile&quot;:&quot;yes&quot;,&quot;mute&quot;:&quot;yes&quot;,&quot;loop&quot;:&quot;yes&quot;,&quot;controls&quot;:&quot;yes&quot;}\" data-widget_type=\"video.default\">\n\t\t\t\t<div class=\"elementor-widget-container\">\n\t\t\t\t\t\t\t<div class=\"e-hosted-video elementor-wrapper elementor-open-inline\">\n\t\t\t\t\t<video class=\"elementor-video\" src=\"https:\/\/www.sprintech.eu\/wp-content\/uploads\/2021\/02\/sprintech-city.mp4\" autoplay=\"\" loop=\"\" controls=\"\" muted=\"muted\" playsinline=\"\" controlsList=\"nodownload\"><\/video>\n\t\t\t\t<\/div>\n\t\t\t\t\t\t<\/div>\n\t\t\t\t<\/div>\n\t\t\t\t<\/div>\n\t\t<div class=\"elementor-element elementor-element-f766874 e-flex e-con-boxed e-con e-parent\" data-id=\"f766874\" data-element_type=\"container\">\n\t\t\t\t\t<div class=\"e-con-inner\">\n\t\t<div class=\"elementor-element elementor-element-0096161 e-con-full e-flex e-con e-child\" data-id=\"0096161\" data-element_type=\"container\">\n\t\t\t\t<div class=\"elementor-element elementor-element-aceea8b elementor-widget elementor-widget-heading\" data-id=\"aceea8b\" data-element_type=\"widget\" data-widget_type=\"heading.default\">\n\t\t\t\t<div class=\"elementor-widget-container\">\n\t\t\t\t\t<h2 class=\"elementor-heading-title elementor-size-default\"><font color=\"#cc0000\">Technisches<\/font> Datenblatt<\/h2>\t\t\t\t<\/div>\n\t\t\t\t<\/div>\n\t\t\t\t<div class=\"elementor-element elementor-element-16623f7 elementor-icon-list--layout-traditional elementor-list-item-link-full_width elementor-widget elementor-widget-icon-list\" data-id=\"16623f7\" data-element_type=\"widget\" data-widget_type=\"icon-list.default\">\n\t\t\t\t<div class=\"elementor-widget-container\">\n\t\t\t\t\t\t\t<ul class=\"elementor-icon-list-items\">\n\t\t\t\t\t\t\t<li class=\"elementor-icon-list-item\">\n\t\t\t\t\t\t\t\t\t\t\t<span class=\"elementor-icon-list-icon\">\n\t\t\t\t\t\t\t<svg aria-hidden=\"true\" class=\"e-font-icon-svg e-fas-map-marker-alt\" viewBox=\"0 0 384 512\" xmlns=\"http:\/\/www.w3.org\/2000\/svg\"><path d=\"M172.268 501.67C26.97 291.031 0 269.413 0 192 0 85.961 85.961 0 192 0s192 85.961 192 192c0 77.413-26.97 99.031-172.268 309.67-9.535 13.774-29.93 13.773-39.464 0zM192 272c44.183 0 80-35.817 80-80s-35.817-80-80-80-80 35.817-80 80 35.817 80 80 80z\"><\/path><\/svg>\t\t\t\t\t\t<\/span>\n\t\t\t\t\t\t\t\t\t\t<span class=\"elementor-icon-list-text\">Schweizer Produkt<\/span>\n\t\t\t\t\t\t\t\t\t<\/li>\n\t\t\t\t\t\t\t\t<li class=\"elementor-icon-list-item\">\n\t\t\t\t\t\t\t\t\t\t\t<span class=\"elementor-icon-list-icon\">\n\t\t\t\t\t\t\t<svg aria-hidden=\"true\" class=\"e-font-icon-svg e-fas-tools\" viewBox=\"0 0 512 512\" xmlns=\"http:\/\/www.w3.org\/2000\/svg\"><path d=\"M501.1 395.7L384 278.6c-23.1-23.1-57.6-27.6-85.4-13.9L192 158.1V96L64 0 0 64l96 128h62.1l106.6 106.6c-13.6 27.8-9.2 62.3 13.9 85.4l117.1 117.1c14.6 14.6 38.2 14.6 52.7 0l52.7-52.7c14.5-14.6 14.5-38.2 0-52.7zM331.7 225c28.3 0 54.9 11 74.9 31l19.4 19.4c15.8-6.9 30.8-16.5 43.8-29.5 37.1-37.1 49.7-89.3 37.9-136.7-2.2-9-13.5-12.1-20.1-5.5l-74.4 74.4-67.9-11.3L334 98.9l74.4-74.4c6.6-6.6 3.4-17.9-5.7-20.2-47.4-11.7-99.6.9-136.6 37.9-28.5 28.5-41.9 66.1-41.2 103.6l82.1 82.1c8.1-1.9 16.5-2.9 24.7-2.9zm-103.9 82l-56.7-56.7L18.7 402.8c-25 25-25 65.5 0 90.5s65.5 25 90.5 0l123.6-123.6c-7.6-19.9-9.9-41.6-5-62.7zM64 472c-13.2 0-24-10.8-24-24 0-13.3 10.7-24 24-24s24 10.7 24 24c0 13.2-10.7 24-24 24z\"><\/path><\/svg>\t\t\t\t\t\t<\/span>\n\t\t\t\t\t\t\t\t\t\t<span class=\"elementor-icon-list-text\">Einfach zu montieren<\/span>\n\t\t\t\t\t\t\t\t\t<\/li>\n\t\t\t\t\t\t\t\t<li class=\"elementor-icon-list-item\">\n\t\t\t\t\t\t\t\t\t\t\t<span class=\"elementor-icon-list-icon\">\n\t\t\t\t\t\t\t<svg aria-hidden=\"true\" class=\"e-font-icon-svg e-fas-cog\" viewBox=\"0 0 512 512\" xmlns=\"http:\/\/www.w3.org\/2000\/svg\"><path d=\"M487.4 315.7l-42.6-24.6c4.3-23.2 4.3-47 0-70.2l42.6-24.6c4.9-2.8 7.1-8.6 5.5-14-11.1-35.6-30-67.8-54.7-94.6-3.8-4.1-10-5.1-14.8-2.3L380.8 110c-17.9-15.4-38.5-27.3-60.8-35.1V25.8c0-5.6-3.9-10.5-9.4-11.7-36.7-8.2-74.3-7.8-109.2 0-5.5 1.2-9.4 6.1-9.4 11.7V75c-22.2 7.9-42.8 19.8-60.8 35.1L88.7 85.5c-4.9-2.8-11-1.9-14.8 2.3-24.7 26.7-43.6 58.9-54.7 94.6-1.7 5.4.6 11.2 5.5 14L67.3 221c-4.3 23.2-4.3 47 0 70.2l-42.6 24.6c-4.9 2.8-7.1 8.6-5.5 14 11.1 35.6 30 67.8 54.7 94.6 3.8 4.1 10 5.1 14.8 2.3l42.6-24.6c17.9 15.4 38.5 27.3 60.8 35.1v49.2c0 5.6 3.9 10.5 9.4 11.7 36.7 8.2 74.3 7.8 109.2 0 5.5-1.2 9.4-6.1 9.4-11.7v-49.2c22.2-7.9 42.8-19.8 60.8-35.1l42.6 24.6c4.9 2.8 11 1.9 14.8-2.3 24.7-26.7 43.6-58.9 54.7-94.6 1.5-5.5-.7-11.3-5.6-14.1zM256 336c-44.1 0-80-35.9-80-80s35.9-80 80-80 80 35.9 80 80-35.9 80-80 80z\"><\/path><\/svg>\t\t\t\t\t\t<\/span>\n\t\t\t\t\t\t\t\t\t\t<span class=\"elementor-icon-list-text\">Einfach zu regulieren<\/span>\n\t\t\t\t\t\t\t\t\t<\/li>\n\t\t\t\t\t\t<\/ul>\n\t\t\t\t\t\t<\/div>\n\t\t\t\t<\/div>\n\t\t\t\t<div class=\"elementor-element elementor-element-dbf1b8c elementor-widget elementor-widget-text-editor\" data-id=\"dbf1b8c\" data-element_type=\"widget\" data-widget_type=\"text-editor.default\">\n\t\t\t\t<div class=\"elementor-widget-container\">\n\t\t\t\t\t\t\t\t\t<p>Regulierbare R\u00fcckspiegel f\u00fcr City Bike und MTB<\/p>\t\t\t\t\t\t\t\t<\/div>\n\t\t\t\t<\/div>\n\t\t\t\t<div class=\"elementor-element elementor-element-1ff8e1a elementor-widget elementor-widget-button\" data-id=\"1ff8e1a\" data-element_type=\"widget\" data-widget_type=\"button.default\">\n\t\t\t\t<div class=\"elementor-widget-container\">\n\t\t\t\t\t\t\t\t\t<div class=\"elementor-button-wrapper\">\n\t\t\t\t\t<a class=\"elementor-button elementor-button-link elementor-size-sm\" href=\"https:\/\/www.sprintech.eu\/wp-content\/uploads\/2025\/11\/Technisches-Datenblatt-ohne-Preise-ok-5-Produkte.pdf\" target=\"_blank\">\n\t\t\t\t\t\t<span class=\"elementor-button-content-wrapper\">\n\t\t\t\t\t\t\t\t\t<span class=\"elementor-button-text\">Technisches Datenblatt herunterladen<\/span>\n\t\t\t\t\t<\/span>\n\t\t\t\t\t<\/a>\n\t\t\t\t<\/div>\n\t\t\t\t\t\t\t\t<\/div>\n\t\t\t\t<\/div>\n\t\t\t\t<\/div>\n\t\t<div class=\"elementor-element elementor-element-9203cca e-con-full e-flex e-con e-child\" data-id=\"9203cca\" data-element_type=\"container\">\n\t\t\t\t<div class=\"elementor-element elementor-element-0338511 elementor-widget elementor-widget-heading\" data-id=\"0338511\" data-element_type=\"widget\" data-widget_type=\"heading.default\">\n\t\t\t\t<div class=\"elementor-widget-container\">\n\t\t\t\t\t<h2 class=\"elementor-heading-title elementor-size-default\">Montage von <font color=\"#cc0000\">Sprintech City<\/font><\/h2>\t\t\t\t<\/div>\n\t\t\t\t<\/div>\n\t\t\t\t<div class=\"elementor-element elementor-element-02ce192 elementor-widget elementor-widget-image\" data-id=\"02ce192\" data-element_type=\"widget\" data-widget_type=\"image.default\">\n\t\t\t\t<div class=\"elementor-widget-container\">\n\t\t\t\t\t\t\t\t\t\t\t\t\t\t\t<img fetchpriority=\"high\" decoding=\"async\" width=\"768\" height=\"327\" src=\"https:\/\/www.sprintech.eu\/wp-content\/uploads\/2020\/12\/sprintech-city-assembly-768x327.jpeg\" class=\"attachment-medium_large size-medium_large wp-image-9090\" alt=\"sprintech-city-assembly\" srcset=\"https:\/\/www.sprintech.eu\/wp-content\/uploads\/2020\/12\/sprintech-city-assembly-768x327.jpeg 768w, https:\/\/www.sprintech.eu\/wp-content\/uploads\/2020\/12\/sprintech-city-assembly-1200x511.jpeg 1200w, https:\/\/www.sprintech.eu\/wp-content\/uploads\/2020\/12\/sprintech-city-assembly-300x128.jpeg 300w, https:\/\/www.sprintech.eu\/wp-content\/uploads\/2020\/12\/sprintech-city-assembly-1030x439.jpeg 1030w, https:\/\/www.sprintech.eu\/wp-content\/uploads\/2020\/12\/sprintech-city-assembly-705x300.jpeg 705w, https:\/\/www.sprintech.eu\/wp-content\/uploads\/2020\/12\/sprintech-city-assembly.jpeg 1450w\" sizes=\"(max-width: 768px) 100vw, 768px\" \/>\t\t\t\t\t\t\t\t\t\t\t\t\t\t\t<\/div>\n\t\t\t\t<\/div>\n\t\t\t\t<\/div>\n\t\t\t\t\t<\/div>\n\t\t\t\t<\/div>\n\t\t<div class=\"elementor-element elementor-element-4a2f69e e-con-full e-flex e-con e-parent\" data-id=\"4a2f69e\" data-element_type=\"container\">\n\t\t\t\t<div class=\"elementor-element elementor-element-fc63aa5 elementor-widget elementor-widget-heading\" data-id=\"fc63aa5\" data-element_type=\"widget\" data-widget_type=\"heading.default\">\n\t\t\t\t<div class=\"elementor-widget-container\">\n\t\t\t\t\t<h2 class=\"elementor-heading-title elementor-size-default\">Fotogalerie von <font color=\"#cc0000\">Sprintech City<\/font><\/h2>\t\t\t\t<\/div>\n\t\t\t\t<\/div>\n\t\t\t\t<div class=\"elementor-element elementor-element-2d73bb3 elementor-widget elementor-widget-gallery\" data-id=\"2d73bb3\" data-element_type=\"widget\" data-settings=\"{&quot;aspect_ratio&quot;:&quot;1:1&quot;,&quot;lazyload&quot;:&quot;yes&quot;,&quot;gallery_layout&quot;:&quot;grid&quot;,&quot;columns&quot;:4,&quot;columns_tablet&quot;:2,&quot;columns_mobile&quot;:1,&quot;gap&quot;:{&quot;unit&quot;:&quot;px&quot;,&quot;size&quot;:10,&quot;sizes&quot;:[]},&quot;gap_tablet&quot;:{&quot;unit&quot;:&quot;px&quot;,&quot;size&quot;:10,&quot;sizes&quot;:[]},&quot;gap_mobile&quot;:{&quot;unit&quot;:&quot;px&quot;,&quot;size&quot;:10,&quot;sizes&quot;:[]},&quot;link_to&quot;:&quot;file&quot;,&quot;overlay_background&quot;:&quot;yes&quot;,&quot;content_hover_animation&quot;:&quot;fade-in&quot;}\" data-widget_type=\"gallery.default\">\n\t\t\t\t<div class=\"elementor-widget-container\">\n\t\t\t\t\t\t\t<div class=\"elementor-gallery__container\">\n\t\t\t\t\t\t\t<a class=\"e-gallery-item elementor-gallery-item elementor-animated-content\" href=\"https:\/\/www.sprintech.eu\/wp-content\/uploads\/2020\/12\/sprintech-city-gallery-1.jpg\" data-elementor-open-lightbox=\"yes\" data-elementor-lightbox-slideshow=\"2d73bb3\" data-e-action-hash=\"#elementor-action%3Aaction%3Dlightbox%26settings%3DeyJpZCI6OTA5MSwidXJsIjoiaHR0cHM6XC9cL3d3dy5zcHJpbnRlY2guZXVcL3dwLWNvbnRlbnRcL3VwbG9hZHNcLzIwMjBcLzEyXC9zcHJpbnRlY2gtY2l0eS1nYWxsZXJ5LTEuanBnIiwic2xpZGVzaG93IjoiMmQ3M2JiMyJ9\">\n\t\t\t\t\t<div class=\"e-gallery-image elementor-gallery-item__image\" data-thumbnail=\"https:\/\/www.sprintech.eu\/wp-content\/uploads\/2020\/12\/sprintech-city-gallery-1-768x538.jpg\" data-width=\"768\" data-height=\"538\" aria-label=\"sprintech-city-gallery-1\" role=\"img\" ><\/div>\n\t\t\t\t\t\t\t\t\t\t\t<div class=\"elementor-gallery-item__overlay\"><\/div>\n\t\t\t\t\t\t\t\t\t\t\t\t\t\t<\/a>\n\t\t\t\t\t\t\t<a class=\"e-gallery-item elementor-gallery-item elementor-animated-content\" href=\"https:\/\/www.sprintech.eu\/wp-content\/uploads\/2021\/01\/sprintech-video-racing-city-compact.jpg\" data-elementor-open-lightbox=\"yes\" data-elementor-lightbox-slideshow=\"2d73bb3\" data-e-action-hash=\"#elementor-action%3Aaction%3Dlightbox%26settings%3DeyJpZCI6OTA5MiwidXJsIjoiaHR0cHM6XC9cL3d3dy5zcHJpbnRlY2guZXVcL3dwLWNvbnRlbnRcL3VwbG9hZHNcLzIwMjFcLzAxXC9zcHJpbnRlY2gtdmlkZW8tcmFjaW5nLWNpdHktY29tcGFjdC5qcGciLCJzbGlkZXNob3ciOiIyZDczYmIzIn0%3D\">\n\t\t\t\t\t<div class=\"e-gallery-image elementor-gallery-item__image\" data-thumbnail=\"https:\/\/www.sprintech.eu\/wp-content\/uploads\/2021\/01\/sprintech-video-racing-city-compact-768x432.jpg\" data-width=\"768\" data-height=\"432\" aria-label=\"Sprintech City\" role=\"img\" ><\/div>\n\t\t\t\t\t\t\t\t\t\t\t<div class=\"elementor-gallery-item__overlay\"><\/div>\n\t\t\t\t\t\t\t\t\t\t\t\t\t\t<\/a>\n\t\t\t\t\t\t\t<a class=\"e-gallery-item elementor-gallery-item elementor-animated-content\" href=\"https:\/\/www.sprintech.eu\/wp-content\/uploads\/2020\/12\/sprintech-city-gallery-2.jpg\" data-elementor-open-lightbox=\"yes\" data-elementor-lightbox-slideshow=\"2d73bb3\" data-e-action-hash=\"#elementor-action%3Aaction%3Dlightbox%26settings%3DeyJpZCI6OTA5MywidXJsIjoiaHR0cHM6XC9cL3d3dy5zcHJpbnRlY2guZXVcL3dwLWNvbnRlbnRcL3VwbG9hZHNcLzIwMjBcLzEyXC9zcHJpbnRlY2gtY2l0eS1nYWxsZXJ5LTIuanBnIiwic2xpZGVzaG93IjoiMmQ3M2JiMyJ9\">\n\t\t\t\t\t<div class=\"e-gallery-image elementor-gallery-item__image\" data-thumbnail=\"https:\/\/www.sprintech.eu\/wp-content\/uploads\/2020\/12\/sprintech-city-gallery-2-768x538.jpg\" data-width=\"768\" data-height=\"538\" aria-label=\"sprintech-city-gallery-2\" role=\"img\" ><\/div>\n\t\t\t\t\t\t\t\t\t\t\t<div class=\"elementor-gallery-item__overlay\"><\/div>\n\t\t\t\t\t\t\t\t\t\t\t\t\t\t<\/a>\n\t\t\t\t\t\t\t<a class=\"e-gallery-item elementor-gallery-item elementor-animated-content\" href=\"https:\/\/www.sprintech.eu\/wp-content\/uploads\/2020\/12\/sprintech-city-gallery-4.jpg\" data-elementor-open-lightbox=\"yes\" data-elementor-lightbox-slideshow=\"2d73bb3\" data-e-action-hash=\"#elementor-action%3Aaction%3Dlightbox%26settings%3DeyJpZCI6OTA5NCwidXJsIjoiaHR0cHM6XC9cL3d3dy5zcHJpbnRlY2guZXVcL3dwLWNvbnRlbnRcL3VwbG9hZHNcLzIwMjBcLzEyXC9zcHJpbnRlY2gtY2l0eS1nYWxsZXJ5LTQuanBnIiwic2xpZGVzaG93IjoiMmQ3M2JiMyJ9\">\n\t\t\t\t\t<div class=\"e-gallery-image elementor-gallery-item__image\" data-thumbnail=\"https:\/\/www.sprintech.eu\/wp-content\/uploads\/2020\/12\/sprintech-city-gallery-4-768x992.jpg\" data-width=\"768\" data-height=\"992\" aria-label=\"sprintech-city-gallery-4\" role=\"img\" ><\/div>\n\t\t\t\t\t\t\t\t\t\t\t<div class=\"elementor-gallery-item__overlay\"><\/div>\n\t\t\t\t\t\t\t\t\t\t\t\t\t\t<\/a>\n\t\t\t\t\t\t\t<a class=\"e-gallery-item elementor-gallery-item elementor-animated-content\" href=\"https:\/\/www.sprintech.eu\/wp-content\/uploads\/2020\/12\/sprintech-city-gallery-6.jpg\" data-elementor-open-lightbox=\"yes\" data-elementor-lightbox-slideshow=\"2d73bb3\" data-e-action-hash=\"#elementor-action%3Aaction%3Dlightbox%26settings%3DeyJpZCI6OTA5NSwidXJsIjoiaHR0cHM6XC9cL3d3dy5zcHJpbnRlY2guZXVcL3dwLWNvbnRlbnRcL3VwbG9hZHNcLzIwMjBcLzEyXC9zcHJpbnRlY2gtY2l0eS1nYWxsZXJ5LTYuanBnIiwic2xpZGVzaG93IjoiMmQ3M2JiMyJ9\">\n\t\t\t\t\t<div class=\"e-gallery-image elementor-gallery-item__image\" data-thumbnail=\"https:\/\/www.sprintech.eu\/wp-content\/uploads\/2020\/12\/sprintech-city-gallery-6-768x512.jpg\" data-width=\"768\" data-height=\"512\" aria-label=\"sprintech-city-gallery-6\" role=\"img\" ><\/div>\n\t\t\t\t\t\t\t\t\t\t\t<div class=\"elementor-gallery-item__overlay\"><\/div>\n\t\t\t\t\t\t\t\t\t\t\t\t\t\t<\/a>\n\t\t\t\t\t\t\t<a class=\"e-gallery-item elementor-gallery-item elementor-animated-content\" href=\"https:\/\/www.sprintech.eu\/wp-content\/uploads\/2020\/12\/sprintech-city-7.jpg\" data-elementor-open-lightbox=\"yes\" data-elementor-lightbox-slideshow=\"2d73bb3\" data-e-action-hash=\"#elementor-action%3Aaction%3Dlightbox%26settings%3DeyJpZCI6OTA5NiwidXJsIjoiaHR0cHM6XC9cL3d3dy5zcHJpbnRlY2guZXVcL3dwLWNvbnRlbnRcL3VwbG9hZHNcLzIwMjBcLzEyXC9zcHJpbnRlY2gtY2l0eS03LmpwZyIsInNsaWRlc2hvdyI6IjJkNzNiYjMifQ%3D%3D\">\n\t\t\t\t\t<div class=\"e-gallery-image elementor-gallery-item__image\" data-thumbnail=\"https:\/\/www.sprintech.eu\/wp-content\/uploads\/2020\/12\/sprintech-city-7-768x432.jpg\" data-width=\"768\" data-height=\"432\" aria-label=\"Sprintech City\" role=\"img\" ><\/div>\n\t\t\t\t\t\t\t\t\t\t\t<div class=\"elementor-gallery-item__overlay\"><\/div>\n\t\t\t\t\t\t\t\t\t\t\t\t\t\t<\/a>\n\t\t\t\t\t\t\t<a class=\"e-gallery-item elementor-gallery-item elementor-animated-content\" href=\"https:\/\/www.sprintech.eu\/wp-content\/uploads\/2020\/12\/sprintech-city-home.jpg\" data-elementor-open-lightbox=\"yes\" data-elementor-lightbox-slideshow=\"2d73bb3\" data-e-action-hash=\"#elementor-action%3Aaction%3Dlightbox%26settings%3DeyJpZCI6OTA3OCwidXJsIjoiaHR0cHM6XC9cL3d3dy5zcHJpbnRlY2guZXVcL3dwLWNvbnRlbnRcL3VwbG9hZHNcLzIwMjBcLzEyXC9zcHJpbnRlY2gtY2l0eS1ob21lLmpwZyIsInNsaWRlc2hvdyI6IjJkNzNiYjMifQ%3D%3D\">\n\t\t\t\t\t<div class=\"e-gallery-image elementor-gallery-item__image\" data-thumbnail=\"https:\/\/www.sprintech.eu\/wp-content\/uploads\/2020\/12\/sprintech-city-home-768x512.jpg\" data-width=\"768\" data-height=\"512\" aria-label=\"sprintech-city\" role=\"img\" ><\/div>\n\t\t\t\t\t\t\t\t\t\t\t<div class=\"elementor-gallery-item__overlay\"><\/div>\n\t\t\t\t\t\t\t\t\t\t\t\t\t\t<\/a>\n\t\t\t\t\t\t\t<a class=\"e-gallery-item elementor-gallery-item elementor-animated-content\" href=\"https:\/\/www.sprintech.eu\/wp-content\/uploads\/2020\/12\/sprintech-city-8.jpg\" data-elementor-open-lightbox=\"yes\" data-elementor-lightbox-slideshow=\"2d73bb3\" data-e-action-hash=\"#elementor-action%3Aaction%3Dlightbox%26settings%3DeyJpZCI6OTA5NywidXJsIjoiaHR0cHM6XC9cL3d3dy5zcHJpbnRlY2guZXVcL3dwLWNvbnRlbnRcL3VwbG9hZHNcLzIwMjBcLzEyXC9zcHJpbnRlY2gtY2l0eS04LmpwZyIsInNsaWRlc2hvdyI6IjJkNzNiYjMifQ%3D%3D\">\n\t\t\t\t\t<div class=\"e-gallery-image elementor-gallery-item__image\" data-thumbnail=\"https:\/\/www.sprintech.eu\/wp-content\/uploads\/2020\/12\/sprintech-city-8-768x432.jpg\" data-width=\"768\" data-height=\"432\" aria-label=\"Sprintech City\" role=\"img\" ><\/div>\n\t\t\t\t\t\t\t\t\t\t\t<div class=\"elementor-gallery-item__overlay\"><\/div>\n\t\t\t\t\t\t\t\t\t\t\t\t\t\t<\/a>\n\t\t\t\t\t<\/div>\n\t\t\t\t\t<\/div>\n\t\t\t\t<\/div>\n\t\t\t\t<\/div>\n\t\t\t\t<\/div>\n\t\t","protected":false},"excerpt":{"rendered":"<p>Sprintech City Sprintech City Das Fahrrad wird von Millionen Leuten auf der ganzen Welt geliebt, aber dank der Sprintech\u00ae-R\u00fcckspiegel macht [&hellip;]<\/p>\n","protected":false},"author":1,"featured_media":0,"parent":9086,"menu_order":0,"comment_status":"closed","ping_status":"closed","template":"","meta":{"site-sidebar-layout":"no-sidebar","site-content-layout":"","ast-site-content-layout":"full-width-container","site-content-style":"default","site-sidebar-style":"default","ast-global-header-display":"","ast-banner-title-visibility":"","ast-main-header-display":"","ast-hfb-above-header-display":"","ast-hfb-below-header-display":"","ast-hfb-mobile-header-display":"","site-post-title":"disabled","ast-breadcrumbs-content":"","ast-featured-img":"disabled","footer-sml-layout":"","ast-disable-related-posts":"","theme-transparent-header-meta":"default","adv-header-id-meta":"","stick-header-meta":"default","header-above-stick-meta":"","header-main-stick-meta":"","header-below-stick-meta":"","astra-migrate-meta-layouts":"einstellen.","ast-page-background-enabled":"default","ast-page-background-meta":{"desktop":{"background-color":"var(--ast-global-color-4)","background-image":"","background-repeat":"repeat","background-position":"center center","background-size":"auto","background-attachment":"scroll","background-type":"","background-media":"","overlay-type":"","overlay-color":"","overlay-opacity":"","overlay-gradient":""},"tablet":{"background-color":"","background-image":"","background-repeat":"repeat","background-position":"center center","background-size":"auto","background-attachment":"scroll","background-type":"","background-media":"","overlay-type":"","overlay-color":"","overlay-opacity":"","overlay-gradient":""},"mobile":{"background-color":"","background-image":"","background-repeat":"repeat","background-position":"center center","background-size":"auto","background-attachment":"scroll","background-type":"","background-media":"","overlay-type":"","overlay-color":"","overlay-opacity":"","overlay-gradient":""}},"ast-content-background-meta":{"desktop":{"background-color":"var(--ast-global-color-5)","background-image":"","background-repeat":"repeat","background-position":"center center","background-size":"auto","background-attachment":"scroll","background-type":"","background-media":"","overlay-type":"","overlay-color":"","overlay-opacity":"","overlay-gradient":""},"tablet":{"background-color":"var(--ast-global-color-5)","background-image":"","background-repeat":"repeat","background-position":"center center","background-size":"auto","background-attachment":"scroll","background-type":"","background-media":"","overlay-type":"","overlay-color":"","overlay-opacity":"","overlay-gradient":""},"mobile":{"background-color":"var(--ast-global-color-5)","background-image":"","background-repeat":"repeat","background-position":"center center","background-size":"auto","background-attachment":"scroll","background-type":"","background-media":"","overlay-type":"","overlay-color":"","overlay-opacity":"","overlay-gradient":""}},"footnotes":""},"class_list":["post-9103","page","type-page","status-publish","hentry"],"_links":{"self":[{"href":"https:\/\/www.sprintech.eu\/de\/wp-json\/wp\/v2\/pages\/9103","targetHints":{"allow":["GET"]}}],"collection":[{"href":"https:\/\/www.sprintech.eu\/de\/wp-json\/wp\/v2\/pages"}],"about":[{"href":"https:\/\/www.sprintech.eu\/de\/wp-json\/wp\/v2\/types\/page"}],"author":[{"embeddable":true,"href":"https:\/\/www.sprintech.eu\/de\/wp-json\/wp\/v2\/users\/1"}],"replies":[{"embeddable":true,"href":"https:\/\/www.sprintech.eu\/de\/wp-json\/wp\/v2\/comments?post=9103"}],"version-history":[{"count":8,"href":"https:\/\/www.sprintech.eu\/de\/wp-json\/wp\/v2\/pages\/9103\/revisions"}],"predecessor-version":[{"id":9291,"href":"https:\/\/www.sprintech.eu\/de\/wp-json\/wp\/v2\/pages\/9103\/revisions\/9291"}],"up":[{"embeddable":true,"href":"https:\/\/www.sprintech.eu\/de\/wp-json\/wp\/v2\/pages\/9086"}],"wp:attachment":[{"href":"https:\/\/www.sprintech.eu\/de\/wp-json\/wp\/v2\/media?parent=9103"}],"curies":[{"name":"wp","href":"https:\/\/api.w.org\/{rel}","templated":true}]}}